{"id":4756,"date":"2026-02-12T14:00:06","date_gmt":"2026-02-12T06:00:06","guid":{"rendered":"https:\/\/www.seyountyre.com\/?post_type=product&#038;p=4756"},"modified":"2026-05-14T15:26:39","modified_gmt":"2026-05-14T07:26:39","slug":"seyoun-llantas-para-camion-syt990-tbr-tire-8-25r16lt-truck-tyre","status":"publish","type":"product","link":"https:\/\/www.seyountyre.com\/vi\/off-road\/seyoun-llantas-para-camion-syt990-tbr-tire-8-25r16lt-truck-tyre\/","title":{"rendered":"SEYOUN Llantas Para Camion SYT990 TBR Tire 8.25R16LT Truck Tyre"},"content":{"rendered":"<p><img decoding=\"async\" class=\"alignnone wp-image-4277\" src=\"http:\/\/www.seyountyre.com\/wp-content\/uploads\/2025\/03\/\u4ea7\u54c1\u4ecb\u7ecd-300x32.jpg\" alt=\"\" width=\"656\" height=\"70\" srcset=\"https:\/\/www.seyountyre.com\/wp-content\/uploads\/2025\/03\/\u4ea7\u54c1\u4ecb\u7ecd-300x32.jpg 300w, https:\/\/www.seyountyre.com\/wp-content\/uploads\/2025\/03\/\u4ea7\u54c1\u4ecb\u7ecd-18x2.jpg 18w, https:\/\/www.seyountyre.com\/wp-content\/uploads\/2025\/03\/\u4ea7\u54c1\u4ecb\u7ecd-600x63.jpg 600w, https:\/\/www.seyountyre.com\/wp-content\/uploads\/2025\/03\/\u4ea7\u54c1\u4ecb\u7ecd.jpg 750w\" sizes=\"(max-width: 656px) 100vw, 656px\" \/><\/p>\n<p><img fetchpriority=\"high\" decoding=\"async\" class=\"alignnone wp-image-4278\" src=\"http:\/\/www.seyountyre.com\/wp-content\/uploads\/2025\/03\/\u4e09\u5143\u56fd\u9645\u7ad9-Truck_02-300x247.jpg\" alt=\"\" width=\"657\" height=\"541\" srcset=\"https:\/\/www.seyountyre.com\/wp-content\/uploads\/2025\/03\/\u4e09\u5143\u56fd\u9645\u7ad9-Truck_02-300x247.jpg 300w, https:\/\/www.seyountyre.com\/wp-content\/uploads\/2025\/03\/\u4e09\u5143\u56fd\u9645\u7ad9-Truck_02-15x12.jpg 15w, https:\/\/www.seyountyre.com\/wp-content\/uploads\/2025\/03\/\u4e09\u5143\u56fd\u9645\u7ad9-Truck_02-600x494.jpg 600w, https:\/\/www.seyountyre.com\/wp-content\/uploads\/2025\/03\/\u4e09\u5143\u56fd\u9645\u7ad9-Truck_02.jpg 750w\" sizes=\"(max-width: 657px) 100vw, 657px\" \/><\/p>\n<p><span data-spm-anchor-id=\"a2700.details-description.0.i0.17c5Y0GGY0GG3w\">L\u1ed1p Radial Xe T\u1ea3i &amp; Xe Bu\u00fdt<\/span>v\u1edbi c\u1ea5u tr\u00fac khung l\u1ed1p b\u1eb1ng th\u00e9p c\u01b0\u1eddng l\u1ef1c, c\u00f3 kh\u1ea3 n\u0103ng ch\u1ed1ng m\u00e0i m\u00f2n, ch\u1ed1ng va \u0111\u1eadp v\u00e0 ch\u1ecbu t\u1ea3i tuy\u1ec7t v\u1eddi. Ch\u00fang c\u00f3 th\u1ec3 th\u00edch \u1ee9ng v\u1edbi nhi\u1ec1u m\u00f4i tr\u01b0\u1eddng \u0111\u1ecba h\u00ecnh ph\u1ee9c t\u1ea1p. Th\u00e2n l\u1ed1p to\u00e0n th\u00e9p c\u00f3 \u0111\u1ed9 b\u1ec1n cao, ch\u1ecbu \u0111\u01b0\u1ee3c nhi\u1ec7t \u0111\u1ed9 v\u00e0 \u00e1p su\u1ea5t khi v\u1eadn h\u00e0nh t\u1ed1c \u0111\u1ed9 cao trong th\u1eddi gian d\u00e0i, kh\u00f3 b\u1ecb bi\u1ebfn d\u1ea1ng, th\u00edch h\u1ee3p cho c\u00e1c con \u0111\u01b0\u1eddng b\u1eb1ng ph\u1eb3ng v\u00e0 c\u1ee9ng nh\u01b0 \u0111\u01b0\u1eddng cao t\u1ed1c, qu\u1ed1c l\u1ed9 v\u00e0 \u0111\u01b0\u1eddng \u0111\u00f4 th\u1ecb. Th\u00e2n l\u1ed1p to\u00e0n th\u00e9p c\u00f3 kh\u1ea3 n\u0103ng ch\u1ed1ng \u0111\u00e2m th\u1ee7ng m\u1ea1nh, gi\u1ea3m thi\u1ec3u h\u01b0 h\u1ea1i cho l\u1ed1p do \u0111\u00e1 d\u0103m v\u00e0 v\u1eadt s\u1eafc nh\u1ecdn. Th\u00edch h\u1ee3p cho \u0111\u01b0\u1eddng \u0111\u1ea5t n\u00f4ng th\u00f4n, \u0111\u01b0\u1eddng khai th\u00e1c m\u1ecf kh\u00f4ng tr\u1ea3i nh\u1ef1a, c\u00f4ng tr\u01b0\u1eddng x\u00e2y d\u1ef1ng, v.v. R\u00e3nh hoa v\u0103n \u0111\u01b0\u1ee3c thi\u1ebft k\u1ebf r\u1ed9ng h\u01a1n v\u00e0 tho\u00e1t n\u01b0\u1edbc t\u1ed1t h\u01a1n, nhanh ch\u00f3ng tho\u00e1t b\u00f9n v\u00e0 n\u01b0\u1edbc \u0111\u1ec3 tr\u00e1nh tr\u01b0\u1ee3t. Th\u00edch h\u1ee3p cho \u0111\u01b0\u1eddng b\u00f9n l\u1ea7y, ru\u1ed9ng \u0111\u1ed3ng v\u00e0 v\u00f9ng ven \u0111\u1ea7m l\u1ea7y v\u00e0o m\u00f9a m\u01b0a. Kh\u1ea3 n\u0103ng ch\u1ecbu t\u1ea3i cao \u0111\u1ea3m b\u1ea3o th\u00e2n l\u1ed1p kh\u00f4ng b\u1ecb bi\u1ebfn d\u1ea1ng khi xe ch\u1edf n\u1eb7ng v\u00e0 leo d\u1ed1c, duy tr\u00ec s\u1ef1 \u1ed5n \u0111\u1ecbnh c\u1ee7a \u0111\u1ed9 b\u00e1m. Th\u00edch h\u1ee3p cho \u0111\u01b0\u1eddng n\u00fai v\u00e0 \u0111\u01b0\u1eddng v\u1eadn t\u1ea3i mi\u1ec1n n\u00fai.<\/p>\n<p><img decoding=\"async\" class=\"alignnone wp-image-4279\" src=\"http:\/\/www.seyountyre.com\/wp-content\/uploads\/2025\/03\/Truck_02-300x25.jpg\" alt=\"\" width=\"588\" height=\"49\" srcset=\"https:\/\/www.seyountyre.com\/wp-content\/uploads\/2025\/03\/Truck_02-300x25.jpg 300w, https:\/\/www.seyountyre.com\/wp-content\/uploads\/2025\/03\/Truck_02-18x1.jpg 18w, https:\/\/www.seyountyre.com\/wp-content\/uploads\/2025\/03\/Truck_02-600x50.jpg 600w, https:\/\/www.seyountyre.com\/wp-content\/uploads\/2025\/03\/Truck_02.jpg 750w\" sizes=\"(max-width: 588px) 100vw, 588px\" \/><\/p>\n<p><img loading=\"lazy\" decoding=\"async\" class=\"alignnone wp-image-4280\" src=\"http:\/\/www.seyountyre.com\/wp-content\/uploads\/2025\/03\/\u4e09\u5143\u56fd\u9645\u7ad9-Truck_20-300x291.jpg\" alt=\"\" width=\"579\" height=\"562\" srcset=\"https:\/\/www.seyountyre.com\/wp-content\/uploads\/2025\/03\/\u4e09\u5143\u56fd\u9645\u7ad9-Truck_20-300x291.jpg 300w, https:\/\/www.seyountyre.com\/wp-content\/uploads\/2025\/03\/\u4e09\u5143\u56fd\u9645\u7ad9-Truck_20-12x12.jpg 12w, https:\/\/www.seyountyre.com\/wp-content\/uploads\/2025\/03\/\u4e09\u5143\u56fd\u9645\u7ad9-Truck_20-600x582.jpg 600w, https:\/\/www.seyountyre.com\/wp-content\/uploads\/2025\/03\/\u4e09\u5143\u56fd\u9645\u7ad9-Truck_20.jpg 750w\" sizes=\"(max-width: 579px) 100vw, 579px\" \/><\/p>\n<p><img loading=\"lazy\" decoding=\"async\" class=\"alignnone wp-image-4282\" src=\"http:\/\/www.seyountyre.com\/wp-content\/uploads\/2025\/03\/\u4e09\u5143\u56fd\u9645\u7ad9-Truck_04-300x154.jpg\" alt=\"\" width=\"571\" height=\"293\" srcset=\"https:\/\/www.seyountyre.com\/wp-content\/uploads\/2025\/03\/\u4e09\u5143\u56fd\u9645\u7ad9-Truck_04-300x154.jpg 300w, https:\/\/www.seyountyre.com\/wp-content\/uploads\/2025\/03\/\u4e09\u5143\u56fd\u9645\u7ad9-Truck_04-18x9.jpg 18w, https:\/\/www.seyountyre.com\/wp-content\/uploads\/2025\/03\/\u4e09\u5143\u56fd\u9645\u7ad9-Truck_04-600x309.jpg 600w, https:\/\/www.seyountyre.com\/wp-content\/uploads\/2025\/03\/\u4e09\u5143\u56fd\u9645\u7ad9-Truck_04.jpg 750w\" sizes=\"(max-width: 571px) 100vw, 571px\" \/><\/p>\n<p><img loading=\"lazy\" decoding=\"async\" class=\"alignnone wp-image-4281\" src=\"http:\/\/www.seyountyre.com\/wp-content\/uploads\/2025\/03\/\u5361\u8f66\u597d\u8bc4-300x300.jpg\" alt=\"\" width=\"556\" height=\"556\" srcset=\"https:\/\/www.seyountyre.com\/wp-content\/uploads\/2025\/03\/\u5361\u8f66\u597d\u8bc4-300x300.jpg 300w, https:\/\/www.seyountyre.com\/wp-content\/uploads\/2025\/03\/\u5361\u8f66\u597d\u8bc4-150x150.jpg 150w, https:\/\/www.seyountyre.com\/wp-content\/uploads\/2025\/03\/\u5361\u8f66\u597d\u8bc4-12x12.jpg 12w, https:\/\/www.seyountyre.com\/wp-content\/uploads\/2025\/03\/\u5361\u8f66\u597d\u8bc4-600x600.jpg 600w, https:\/\/www.seyountyre.com\/wp-content\/uploads\/2025\/03\/\u5361\u8f66\u597d\u8bc4-100x100.jpg 100w, https:\/\/www.seyountyre.com\/wp-content\/uploads\/2025\/03\/\u5361\u8f66\u597d\u8bc4.jpg 750w\" sizes=\"(max-width: 556px) 100vw, 556px\" \/><\/p>\n<p><img loading=\"lazy\" decoding=\"async\" class=\"alignnone wp-image-4284\" src=\"http:\/\/www.seyountyre.com\/wp-content\/uploads\/2025\/03\/\u516c\u53f8\u7b80\u4ecb-300x28.jpg\" alt=\"\" width=\"536\" height=\"50\" srcset=\"https:\/\/www.seyountyre.com\/wp-content\/uploads\/2025\/03\/\u516c\u53f8\u7b80\u4ecb-300x28.jpg 300w, https:\/\/www.seyountyre.com\/wp-content\/uploads\/2025\/03\/\u516c\u53f8\u7b80\u4ecb-18x2.jpg 18w, https:\/\/www.seyountyre.com\/wp-content\/uploads\/2025\/03\/\u516c\u53f8\u7b80\u4ecb-600x55.jpg 600w, https:\/\/www.seyountyre.com\/wp-content\/uploads\/2025\/03\/\u516c\u53f8\u7b80\u4ecb.jpg 750w\" sizes=\"(max-width: 536px) 100vw, 536px\" \/><\/p>\n<p><img loading=\"lazy\" decoding=\"async\" class=\"alignnone wp-image-4285\" src=\"http:\/\/www.seyountyre.com\/wp-content\/uploads\/2025\/03\/\u516c\u53f8\u4ecb\u7ecd\u56fe-300x146.jpg\" alt=\"\" width=\"545\" height=\"265\" srcset=\"https:\/\/www.seyountyre.com\/wp-content\/uploads\/2025\/03\/\u516c\u53f8\u4ecb\u7ecd\u56fe-300x146.jpg 300w, https:\/\/www.seyountyre.com\/wp-content\/uploads\/2025\/03\/\u516c\u53f8\u4ecb\u7ecd\u56fe-18x9.jpg 18w, https:\/\/www.seyountyre.com\/wp-content\/uploads\/2025\/03\/\u516c\u53f8\u4ecb\u7ecd\u56fe-600x292.jpg 600w, https:\/\/www.seyountyre.com\/wp-content\/uploads\/2025\/03\/\u516c\u53f8\u4ecb\u7ecd\u56fe.jpg 750w\" sizes=\"(max-width: 545px) 100vw, 545px\" \/><\/p>\n<p><span class=\"magic-24\"><span class=\"magic-61\" style=\"color: #d67b03;\" data-spm-anchor-id=\"a2700.details-description.0.i1.17c5Y0GGY0GG3w\">C\u00f4ng ty TNHH L\u1ed1p xeTam Nguy\u00ean Giang T\u00f4<\/span> <\/span><span class=\"magic-62\">(L\u1ed1p SEYOUN), th\u00e0nh l\u1eadp n\u0103m 2001, l\u00e0 nh\u00e0 s\u1ea3n xu\u1ea5t c\u00f4ng ngh\u1ec7 t\u01b0 nh\u00e2n v\u1ec1 l\u1ed1p v\u00e0 ru\u1ed9t xe \u0111\u1ea1p, xe \u0111\u1ea1p \u0111i\u1ec7n, xe m\u00e1y v\u00e0 xe t\u1ea3i. Tr\u1ee5 s\u1edf ch\u00ednh c\u1ee7a SEYOUN, c\u0169ng l\u00e0 c\u01a1 s\u1edf s\u1ea3n xu\u1ea5t ch\u00ednh, Nh\u00e0 m\u00e1y T\u00f4 C\u00e0n, \u0111\u01b0\u1ee3c th\u00e0nh l\u1eadp v\u00e0o ng\u00e0y 7 th\u00e1ng 7 n\u0103m 2007, t\u1ecda l\u1ea1c thu\u1eadn ti\u1ec7n t\u1ea1i khu ph\u00e1t tri\u1ec3n kinh t\u1ebf T\u00fac Du, th\u00e0nh ph\u1ed1 T\u00f4 C\u00e0n, t\u1ec9nh Giang T\u00f4. V\u1edbi di\u1ec7n t\u00edch 648 m\u1eabu Anh, di\u1ec7n t\u00edch x\u00e2y d\u1ef1ng 290.000 m\u00e9t vu\u00f4ng. V\u1edbi t\u1ed5ng v\u1ed1n \u0111\u1ea7u t\u01b0 290 tri\u1ec7u \u0111\u00f4 la, Nh\u00e0 m\u00e1y T\u00f4 C\u00e0n \u0111\u00e3 x\u00e2y d\u1ef1ng h\u01a1n 43 d\u00e2y chuy\u1ec1n s\u1ea3n xu\u1ea5t \u0111\u1eb3ng c\u1ea5p th\u1ebf gi\u1edbi. L\u1ed1p SEYOUN l\u00e0 m\u1ed9t trong nh\u1eefng nh\u00e0 s\u1ea3n xu\u1ea5t l\u1edbn nh\u1ea5t th\u1ebf gi\u1edbi v\u1edbi s\u1ea3n l\u01b0\u1ee3ng 80 tri\u1ec7u ru\u1ed9t v\u00e0 83 tri\u1ec7u l\u1ed1p xe \u0111\u1ea1p, xe \u0111\u1ea1p \u0111i\u1ec7n, xe m\u00e1y v\u00e0 xe t\u1ea3i, v\u1edbi doanh thu h\u00e0ng n\u0103m \u0111\u1ea1t 150 tri\u1ec7u \u0111\u00f4 la. L\u1ed1p SEYOUN l\u00e0 nh\u00e0 s\u1ea3n xu\u1ea5t l\u1ed1p xe m\u00e1y v\u00e0 xe tay ga TOP 3 t\u1ea1i Trung Qu\u1ed1c, v\u00e0 ch\u00fang t\u00f4i \u0111\u00e3 \u0111\u1ea7u t\u01b0 3 t\u1ef7 RMB v\u00e0o n\u0103m 2021 \u0111\u1ec3 ra m\u1eaft d\u00e2y chuy\u1ec1n s\u1ea3n xu\u1ea5t t\u1ef1 \u0111\u1ed9ng ho\u00e0n to\u00e0n, th\u1ef1c hi\u1ec7n C\u00f4ng nghi\u1ec7p 4.0 th\u1ef1c s\u1ef1 \u0111\u1ea7u ti\u00ean t\u1ea1i Trung Qu\u1ed1c. L\u1ed1p SEYOUN \u0111\u00e3 \u0111\u1ea1t ch\u1ee9ng nh\u1eadn ISO9001, CCC, E-MARK, ECE, SNI v\u00e0 DOT. V\u1edbi ch\u1ee9ng nh\u1eadn h\u1ec7 th\u1ed1ng qu\u1ea3n l\u00fd ch\u1ea5t l\u01b0\u1ee3ng ISO9001 v\u00e0 ch\u1ee9ng nh\u1eadn s\u1ea3n ph\u1ea9m b\u1eaft bu\u1ed9c (ch\u1ee9ng nh\u1eadn 3C), ch\u00fang t\u00f4i \u0111\u00e3 thi\u1ebft l\u1eadp m\u1ed9t h\u1ec7 th\u1ed1ng v\u00e0 quy tr\u00ecnh qu\u1ea3n l\u00fd ch\u1ea5t l\u01b0\u1ee3ng to\u00e0n di\u1ec7n. <\/span><\/p>\n<p><img loading=\"lazy\" decoding=\"async\" class=\"alignnone wp-image-4292\" src=\"http:\/\/www.seyountyre.com\/wp-content\/uploads\/2025\/03\/\u5de5\u5382\u8be6\u60c5\u56fe-300x266.jpg\" alt=\"\" width=\"545\" height=\"483\" srcset=\"https:\/\/www.seyountyre.com\/wp-content\/uploads\/2025\/03\/\u5de5\u5382\u8be6\u60c5\u56fe-300x266.jpg 300w, https:\/\/www.seyountyre.com\/wp-content\/uploads\/2025\/03\/\u5de5\u5382\u8be6\u60c5\u56fe-14x12.jpg 14w, https:\/\/www.seyountyre.com\/wp-content\/uploads\/2025\/03\/\u5de5\u5382\u8be6\u60c5\u56fe-600x532.jpg 600w, https:\/\/www.seyountyre.com\/wp-content\/uploads\/2025\/03\/\u5de5\u5382\u8be6\u60c5\u56fe.jpg 750w\" sizes=\"(max-width: 545px) 100vw, 545px\" \/><\/p>\n<p><img loading=\"lazy\" decoding=\"async\" class=\"alignnone wp-image-4287\" src=\"http:\/\/www.seyountyre.com\/wp-content\/uploads\/2025\/03\/\u8bc1\u4e66-300x28.jpg\" alt=\"\" width=\"546\" height=\"51\" srcset=\"https:\/\/www.seyountyre.com\/wp-content\/uploads\/2025\/03\/\u8bc1\u4e66-300x28.jpg 300w, https:\/\/www.seyountyre.com\/wp-content\/uploads\/2025\/03\/\u8bc1\u4e66-18x2.jpg 18w, https:\/\/www.seyountyre.com\/wp-content\/uploads\/2025\/03\/\u8bc1\u4e66-600x56.jpg 600w, https:\/\/www.seyountyre.com\/wp-content\/uploads\/2025\/03\/\u8bc1\u4e66.jpg 750w\" sizes=\"(max-width: 546px) 100vw, 546px\" \/><\/p>\n<p><img loading=\"lazy\" decoding=\"async\" class=\"alignnone wp-image-4286\" src=\"http:\/\/www.seyountyre.com\/wp-content\/uploads\/2025\/03\/\u6469\u6258\u8f66\u91c7\u75282_08-300x131.jpg\" alt=\"\" width=\"536\" height=\"234\" srcset=\"https:\/\/www.seyountyre.com\/wp-content\/uploads\/2025\/03\/\u6469\u6258\u8f66\u91c7\u75282_08-300x131.jpg 300w, https:\/\/www.seyountyre.com\/wp-content\/uploads\/2025\/03\/\u6469\u6258\u8f66\u91c7\u75282_08-18x8.jpg 18w, https:\/\/www.seyountyre.com\/wp-content\/uploads\/2025\/03\/\u6469\u6258\u8f66\u91c7\u75282_08-600x262.jpg 600w, https:\/\/www.seyountyre.com\/wp-content\/uploads\/2025\/03\/\u6469\u6258\u8f66\u91c7\u75282_08.jpg 750w\" sizes=\"(max-width: 536px) 100vw, 536px\" \/><\/p>\n<p><img loading=\"lazy\" decoding=\"async\" class=\"alignnone wp-image-4288\" src=\"http:\/\/www.seyountyre.com\/wp-content\/uploads\/2025\/03\/\u5c55\u4f1a\u56fe-300x300.jpg\" alt=\"\" width=\"521\" height=\"521\" srcset=\"https:\/\/www.seyountyre.com\/wp-content\/uploads\/2025\/03\/\u5c55\u4f1a\u56fe-300x300.jpg 300w, https:\/\/www.seyountyre.com\/wp-content\/uploads\/2025\/03\/\u5c55\u4f1a\u56fe-1024x1024.jpg 1024w, https:\/\/www.seyountyre.com\/wp-content\/uploads\/2025\/03\/\u5c55\u4f1a\u56fe-150x150.jpg 150w, https:\/\/www.seyountyre.com\/wp-content\/uploads\/2025\/03\/\u5c55\u4f1a\u56fe-768x768.jpg 768w, https:\/\/www.seyountyre.com\/wp-content\/uploads\/2025\/03\/\u5c55\u4f1a\u56fe-12x12.jpg 12w, https:\/\/www.seyountyre.com\/wp-content\/uploads\/2025\/03\/\u5c55\u4f1a\u56fe-600x600.jpg 600w, https:\/\/www.seyountyre.com\/wp-content\/uploads\/2025\/03\/\u5c55\u4f1a\u56fe-100x100.jpg 100w, https:\/\/www.seyountyre.com\/wp-content\/uploads\/2025\/03\/\u5c55\u4f1a\u56fe.jpg 1200w\" sizes=\"(max-width: 521px) 100vw, 521px\" \/><\/p>\n<p><img loading=\"lazy\" decoding=\"async\" class=\"alignnone wp-image-4283\" src=\"http:\/\/www.seyountyre.com\/wp-content\/uploads\/2025\/03\/\u88c5\u7bb1\u53d1\u8d27\u56fe-300x236.jpg\" alt=\"\" width=\"517\" height=\"407\" srcset=\"https:\/\/www.seyountyre.com\/wp-content\/uploads\/2025\/03\/\u88c5\u7bb1\u53d1\u8d27\u56fe-300x236.jpg 300w, https:\/\/www.seyountyre.com\/wp-content\/uploads\/2025\/03\/\u88c5\u7bb1\u53d1\u8d27\u56fe-15x12.jpg 15w, https:\/\/www.seyountyre.com\/wp-content\/uploads\/2025\/03\/\u88c5\u7bb1\u53d1\u8d27\u56fe-600x473.jpg 600w, https:\/\/www.seyountyre.com\/wp-content\/uploads\/2025\/03\/\u88c5\u7bb1\u53d1\u8d27\u56fe.jpg 750w\" sizes=\"(max-width: 517px) 100vw, 517px\" \/><\/p>\n<p>&nbsp;<\/p>","protected":false},"excerpt":{"rendered":"<p>Truck&amp;Bus Radial Tires, with their high-strength all-steel cord fabric structure, possess excellent wear resistance, impact resistance and load-bearing performance. They can adapt to various complex terrain environments. The all-steel tire body has high strength, can withstand the temperature and pressure of long-term high-speed driving, is not easy to deform, and is suitable for smooth and [&hellip;]<\/p>\n","protected":false},"featured_media":0,"comment_status":"closed","ping_status":"closed","template":"","meta":{"_acf_changed":false},"product_brand":[],"product_cat":[21,17],"product_tag":[],"class_list":{"0":"post-4756","1":"product","2":"type-product","3":"status-publish","5":"product_cat-off-road","6":"product_cat-tbr","8":"first","9":"instock","10":"shipping-taxable","11":"product-type-simple"},"acf":[],"_links":{"self":[{"href":"https:\/\/www.seyountyre.com\/vi\/wp-json\/wp\/v2\/product\/4756","targetHints":{"allow":["GET"]}}],"collection":[{"href":"https:\/\/www.seyountyre.com\/vi\/wp-json\/wp\/v2\/product"}],"about":[{"href":"https:\/\/www.seyountyre.com\/vi\/wp-json\/wp\/v2\/types\/product"}],"replies":[{"embeddable":true,"href":"https:\/\/www.seyountyre.com\/vi\/wp-json\/wp\/v2\/comments?post=4756"}],"wp:attachment":[{"href":"https:\/\/www.seyountyre.com\/vi\/wp-json\/wp\/v2\/media?parent=4756"}],"wp:term":[{"taxonomy":"product_brand","embeddable":true,"href":"https:\/\/www.seyountyre.com\/vi\/wp-json\/wp\/v2\/product_brand?post=4756"},{"taxonomy":"product_cat","embeddable":true,"href":"https:\/\/www.seyountyre.com\/vi\/wp-json\/wp\/v2\/product_cat?post=4756"},{"taxonomy":"product_tag","embeddable":true,"href":"https:\/\/www.seyountyre.com\/vi\/wp-json\/wp\/v2\/product_tag?post=4756"}],"curies":[{"name":"wp","href":"https:\/\/api.w.org\/{rel}","templated":true}]}}