{"id":4067,"date":"2025-12-08T15:56:23","date_gmt":"2025-12-08T07:56:23","guid":{"rendered":"https:\/\/www.seyountyre.com\/?post_type=product&#038;p=4067"},"modified":"2026-05-14T15:49:38","modified_gmt":"2026-05-14T07:49:38","slug":"seyoun-llantas-para-camion-syt602s-12r22-5-tbr-tire-truck-tyre","status":"publish","type":"product","link":"https:\/\/www.seyountyre.com\/pt\/long-haul\/seyoun-llantas-para-camion-syt602s-12r22-5-tbr-tire-truck-tyre\/","title":{"rendered":"SEYOUN Llantas Para Camion SYT602S 12R22.5 TBR Tire Truck Tyre"},"content":{"rendered":"<table style=\"width: 76.722%; height: 96px;\" width=\"824\">\n<tbody>\n<tr style=\"height: 48px;\">\n<td style=\"height: 72px; width: 3.49176%;\" rowspan=\"2\" width=\"68\">Padr\u00e3o<\/td>\n<td style=\"height: 72px; width: 3.49176%;\" rowspan=\"2\" width=\"68\">Tamanho<\/td>\n<td style=\"height: 72px; width: 3.49176%;\" rowspan=\"2\" width=\"68\">PR<\/td>\n<td style=\"height: 72px; width: 3.49176%;\" rowspan=\"2\" width=\"68\">Li &amp; ss<\/td>\n<td style=\"height: 72px; width: 5.38312%;\" rowspan=\"2\" width=\"99\">Geral<br \/>\nDi\u00e2metro (mm)<\/td>\n<td style=\"height: 48px; text-align: center; width: 11.1806%;\" colspan=\"2\" width=\"129\">Carregar<br \/>\nCapacidade (kg)<\/td>\n<td style=\"height: 72px; width: 3.52464%;\" rowspan=\"2\" width=\"96\">Infla\u00e7\u00e3o<br \/>\nPress\u00e3o (KPA)<\/td>\n<td style=\"height: 72px; width: 1.44848%;\" rowspan=\"2\" width=\"78\">Se\u00e7\u00e3o<br \/>\nLargura (mm)<\/td>\n<td style=\"height: 72px; width: 2.54108%;\" rowspan=\"2\" width=\"68\">Padr\u00e3o<br \/>\nAro (polegada)<\/td>\n<td style=\"height: 72px; width: 4.33375%;\" rowspan=\"2\" width=\"82\">Piso<br \/>\nProfundidade (mm)<\/td>\n<\/tr>\n<tr style=\"height: 24px;\">\n<td style=\"height: 24px; width: 3.79864%;\">Solteiro<\/td>\n<td style=\"height: 24px; width: 7.38196%;\">Dual<\/td>\n<\/tr>\n<tr style=\"height: 24px;\">\n<td style=\"height: 24px; width: 3.49176%;\">SYT602S<\/td>\n<td style=\"height: 24px; width: 3.49176%;\">12R22.5<\/td>\n<td style=\"height: 24px; width: 3.49176%;\">18<\/td>\n<td style=\"height: 24px; width: 3.49176%;\">152 \/ 149L<\/td>\n<td style=\"height: 24px; width: 5.38312%;\">1,085<\/td>\n<td style=\"height: 24px; width: 3.79864%;\">3,550<\/td>\n<td style=\"height: 24px; width: 7.38196%;\">3,250<\/td>\n<td style=\"height: 24px; width: 3.52464%;\" width=\"96\">930<\/td>\n<td style=\"height: 24px; width: 1.44848%;\">300<\/td>\n<td style=\"height: 24px; width: 2.54108%;\">9.00<\/td>\n<td style=\"height: 24px; width: 4.33375%;\">17.2<\/td>\n<\/tr>\n<\/tbody>\n<\/table>\n<p><img decoding=\"async\" class=\"alignnone wp-image-4277\" src=\"http:\/\/www.seyountyre.com\/wp-content\/uploads\/2025\/03\/\u4ea7\u54c1\u4ecb\u7ecd-300x32.jpg\" alt=\"\" width=\"656\" height=\"70\" srcset=\"https:\/\/www.seyountyre.com\/wp-content\/uploads\/2025\/03\/\u4ea7\u54c1\u4ecb\u7ecd-300x32.jpg 300w, https:\/\/www.seyountyre.com\/wp-content\/uploads\/2025\/03\/\u4ea7\u54c1\u4ecb\u7ecd-18x2.jpg 18w, https:\/\/www.seyountyre.com\/wp-content\/uploads\/2025\/03\/\u4ea7\u54c1\u4ecb\u7ecd-600x63.jpg 600w, https:\/\/www.seyountyre.com\/wp-content\/uploads\/2025\/03\/\u4ea7\u54c1\u4ecb\u7ecd.jpg 750w\" sizes=\"(max-width: 656px) 100vw, 656px\" \/><\/p>\n<p><img fetchpriority=\"high\" decoding=\"async\" class=\"alignnone wp-image-4278\" src=\"http:\/\/www.seyountyre.com\/wp-content\/uploads\/2025\/03\/\u4e09\u5143\u56fd\u9645\u7ad9-Truck_02-300x247.jpg\" alt=\"\" width=\"657\" height=\"541\" srcset=\"https:\/\/www.seyountyre.com\/wp-content\/uploads\/2025\/03\/\u4e09\u5143\u56fd\u9645\u7ad9-Truck_02-300x247.jpg 300w, https:\/\/www.seyountyre.com\/wp-content\/uploads\/2025\/03\/\u4e09\u5143\u56fd\u9645\u7ad9-Truck_02-15x12.jpg 15w, https:\/\/www.seyountyre.com\/wp-content\/uploads\/2025\/03\/\u4e09\u5143\u56fd\u9645\u7ad9-Truck_02-600x494.jpg 600w, https:\/\/www.seyountyre.com\/wp-content\/uploads\/2025\/03\/\u4e09\u5143\u56fd\u9645\u7ad9-Truck_02.jpg 750w\" sizes=\"(max-width: 657px) 100vw, 657px\" \/><\/p>\n<p><span data-spm-anchor-id=\"a2700.details-description.0.i0.17c5Y0GGY0GG3w\">Pneus Radiais para Caminh\u00f5es e Autocarros<\/span>, com a sua estrutura de tecido de cordas de a\u00e7o de alta resist\u00eancia, possuem excelente resist\u00eancia ao desgaste, resist\u00eancia ao impacto e desempenho de suporte de carga. Podem adaptar-se a v\u00e1rios ambientes de terreno complexos. A carca\u00e7a de pneu totalmente em a\u00e7o tem alta resist\u00eancia, pode suportar a temperatura e press\u00e3o da condu\u00e7\u00e3o cont\u00ednua de alta velocidade, n\u00e3o se deforma facilmente e \u00e9 adequada para estradas lisas e pavimentadas como autoestradas, estradas nacionais e estradas urbanas. A carca\u00e7a de pneu totalmente em a\u00e7o tem forte resist\u00eancia \u00e0 perfura\u00e7\u00e3o, reduzindo os danos ao pneu causados por pedras esmagadas e objetos pontiagudos. \u00c9 adequada para estradas rurais de terra, estradas n\u00e3o pavimentadas de \u00e1reas de minera\u00e7\u00e3o, locais de constru\u00e7\u00e3o, etc. As ranhuras do piso s\u00e3o projetadas para serem mais largas e com melhor drenagem, o que pode descarregar rapidamente lama e \u00e1gua para evitar derrapagens. S\u00e3o adequadas para estradas lamacentas, terrenos agr\u00edcolas e as margens de p\u00e2ntanos durante a esta\u00e7\u00e3o chuvosa. O alto desempenho de suporte de carga garante que a carca\u00e7a do pneu n\u00e3o se deforme quando o ve\u00edculo est\u00e1 com carga pesada e a subir encostas, mantendo a estabilidade da ader\u00eancia. \u00c9 adequada para estradas de montanha e estradas de transporte montanhosas.<\/p>\n<p><img decoding=\"async\" class=\"alignnone wp-image-4279\" src=\"http:\/\/www.seyountyre.com\/wp-content\/uploads\/2025\/03\/Truck_02-300x25.jpg\" alt=\"\" width=\"588\" height=\"49\" srcset=\"https:\/\/www.seyountyre.com\/wp-content\/uploads\/2025\/03\/Truck_02-300x25.jpg 300w, https:\/\/www.seyountyre.com\/wp-content\/uploads\/2025\/03\/Truck_02-18x1.jpg 18w, https:\/\/www.seyountyre.com\/wp-content\/uploads\/2025\/03\/Truck_02-600x50.jpg 600w, https:\/\/www.seyountyre.com\/wp-content\/uploads\/2025\/03\/Truck_02.jpg 750w\" sizes=\"(max-width: 588px) 100vw, 588px\" \/><\/p>\n<p><img loading=\"lazy\" decoding=\"async\" class=\"alignnone wp-image-4280\" src=\"http:\/\/www.seyountyre.com\/wp-content\/uploads\/2025\/03\/\u4e09\u5143\u56fd\u9645\u7ad9-Truck_20-300x291.jpg\" alt=\"\" width=\"579\" height=\"562\" srcset=\"https:\/\/www.seyountyre.com\/wp-content\/uploads\/2025\/03\/\u4e09\u5143\u56fd\u9645\u7ad9-Truck_20-300x291.jpg 300w, https:\/\/www.seyountyre.com\/wp-content\/uploads\/2025\/03\/\u4e09\u5143\u56fd\u9645\u7ad9-Truck_20-12x12.jpg 12w, https:\/\/www.seyountyre.com\/wp-content\/uploads\/2025\/03\/\u4e09\u5143\u56fd\u9645\u7ad9-Truck_20-600x582.jpg 600w, https:\/\/www.seyountyre.com\/wp-content\/uploads\/2025\/03\/\u4e09\u5143\u56fd\u9645\u7ad9-Truck_20.jpg 750w\" sizes=\"(max-width: 579px) 100vw, 579px\" \/><\/p>\n<p><img loading=\"lazy\" decoding=\"async\" class=\"alignnone wp-image-4282\" src=\"http:\/\/www.seyountyre.com\/wp-content\/uploads\/2025\/03\/\u4e09\u5143\u56fd\u9645\u7ad9-Truck_04-300x154.jpg\" alt=\"\" width=\"571\" height=\"293\" srcset=\"https:\/\/www.seyountyre.com\/wp-content\/uploads\/2025\/03\/\u4e09\u5143\u56fd\u9645\u7ad9-Truck_04-300x154.jpg 300w, https:\/\/www.seyountyre.com\/wp-content\/uploads\/2025\/03\/\u4e09\u5143\u56fd\u9645\u7ad9-Truck_04-18x9.jpg 18w, https:\/\/www.seyountyre.com\/wp-content\/uploads\/2025\/03\/\u4e09\u5143\u56fd\u9645\u7ad9-Truck_04-600x309.jpg 600w, https:\/\/www.seyountyre.com\/wp-content\/uploads\/2025\/03\/\u4e09\u5143\u56fd\u9645\u7ad9-Truck_04.jpg 750w\" sizes=\"(max-width: 571px) 100vw, 571px\" \/><\/p>\n<p><img loading=\"lazy\" decoding=\"async\" class=\"alignnone wp-image-4281\" src=\"http:\/\/www.seyountyre.com\/wp-content\/uploads\/2025\/03\/\u5361\u8f66\u597d\u8bc4-300x300.jpg\" alt=\"\" width=\"556\" height=\"556\" srcset=\"https:\/\/www.seyountyre.com\/wp-content\/uploads\/2025\/03\/\u5361\u8f66\u597d\u8bc4-300x300.jpg 300w, https:\/\/www.seyountyre.com\/wp-content\/uploads\/2025\/03\/\u5361\u8f66\u597d\u8bc4-150x150.jpg 150w, https:\/\/www.seyountyre.com\/wp-content\/uploads\/2025\/03\/\u5361\u8f66\u597d\u8bc4-12x12.jpg 12w, https:\/\/www.seyountyre.com\/wp-content\/uploads\/2025\/03\/\u5361\u8f66\u597d\u8bc4-600x600.jpg 600w, https:\/\/www.seyountyre.com\/wp-content\/uploads\/2025\/03\/\u5361\u8f66\u597d\u8bc4-100x100.jpg 100w, https:\/\/www.seyountyre.com\/wp-content\/uploads\/2025\/03\/\u5361\u8f66\u597d\u8bc4.jpg 750w\" sizes=\"(max-width: 556px) 100vw, 556px\" \/><\/p>\n<p><img loading=\"lazy\" decoding=\"async\" class=\"alignnone wp-image-4284\" src=\"http:\/\/www.seyountyre.com\/wp-content\/uploads\/2025\/03\/\u516c\u53f8\u7b80\u4ecb-300x28.jpg\" alt=\"\" width=\"536\" height=\"50\" srcset=\"https:\/\/www.seyountyre.com\/wp-content\/uploads\/2025\/03\/\u516c\u53f8\u7b80\u4ecb-300x28.jpg 300w, https:\/\/www.seyountyre.com\/wp-content\/uploads\/2025\/03\/\u516c\u53f8\u7b80\u4ecb-18x2.jpg 18w, https:\/\/www.seyountyre.com\/wp-content\/uploads\/2025\/03\/\u516c\u53f8\u7b80\u4ecb-600x55.jpg 600w, https:\/\/www.seyountyre.com\/wp-content\/uploads\/2025\/03\/\u516c\u53f8\u7b80\u4ecb.jpg 750w\" sizes=\"(max-width: 536px) 100vw, 536px\" \/><\/p>\n<p><img loading=\"lazy\" decoding=\"async\" class=\"alignnone wp-image-4285\" src=\"http:\/\/www.seyountyre.com\/wp-content\/uploads\/2025\/03\/\u516c\u53f8\u4ecb\u7ecd\u56fe-300x146.jpg\" alt=\"\" width=\"545\" height=\"265\" srcset=\"https:\/\/www.seyountyre.com\/wp-content\/uploads\/2025\/03\/\u516c\u53f8\u4ecb\u7ecd\u56fe-300x146.jpg 300w, https:\/\/www.seyountyre.com\/wp-content\/uploads\/2025\/03\/\u516c\u53f8\u4ecb\u7ecd\u56fe-18x9.jpg 18w, https:\/\/www.seyountyre.com\/wp-content\/uploads\/2025\/03\/\u516c\u53f8\u4ecb\u7ecd\u56fe-600x292.jpg 600w, https:\/\/www.seyountyre.com\/wp-content\/uploads\/2025\/03\/\u516c\u53f8\u4ecb\u7ecd\u56fe.jpg 750w\" sizes=\"(max-width: 545px) 100vw, 545px\" \/><\/p>\n<p><span class=\"magic-24\"><span class=\"magic-61\" style=\"color: #d67b03;\" data-spm-anchor-id=\"a2700.details-description.0.i1.17c5Y0GGY0GG3w\">JiangsuSanyuan Tire Co., Ltd<\/span> <\/span><span class=\"magic-62\">(SEYOUN Tire), fundada em 2001, \u00e9 uma fabricante privada de tecnologia de pneus e c\u00e2maras de ar para bicicletas, bicicletas el\u00e9tricas, motociclos e cami\u00f5es. A sede da SEYOUN, a sua principal base de fabrico, a F\u00e1brica de Suqian, fundada em 7 de julho de 2007, est\u00e1 convenientemente localizada no distrito de desenvolvimento econ\u00f3mico de Suyu, na cidade de Suqian, prov\u00edncia de Jiangsu. Cobrindo uma \u00e1rea de 648 acres, com uma \u00e1rea constru\u00edda de 290 000 metros quadrados. Com um investimento total de 290 milh\u00f5es de d\u00f3lares, a F\u00e1brica de Suqian construiu mais de 43 linhas de produ\u00e7\u00e3o de classe mundial. A SEYOUN Tire \u00e9 um dos maiores fabricantes do mundo, com uma produ\u00e7\u00e3o de 80 milh\u00f5es de c\u00e2maras de ar e 83 milh\u00f5es de pneus para bicicletas, bicicletas el\u00e9tricas, motociclos e cami\u00f5es, e as suas vendas anuais atingem 150 milh\u00f5es de d\u00f3lares. A SEYOUN Tire \u00e9 um dos 3 maiores fabricantes de pneus para motociclos e scooters na China, e investimos 3 mil milh\u00f5es de RMB em 2021 para lan\u00e7ar a linha de produ\u00e7\u00e3o totalmente autom\u00e1tica para realizar a primeira ind\u00fastria 4.0 real na China. A SEYOUN Tire obteve os certificados ISO9001, CCC, E-MARK, ECE, SNI e DOT. Com a nossa certifica\u00e7\u00e3o do sistema de gest\u00e3o de qualidade ISO9001 e certifica\u00e7\u00e3o obrigat\u00f3ria de produto (certifica\u00e7\u00e3o 3C), estabelecemos um sistema e processos abrangentes de gest\u00e3o de qualidade. <\/span><\/p>\n<p><img loading=\"lazy\" decoding=\"async\" class=\"alignnone wp-image-4292\" src=\"http:\/\/www.seyountyre.com\/wp-content\/uploads\/2025\/03\/\u5de5\u5382\u8be6\u60c5\u56fe-300x266.jpg\" alt=\"\" width=\"545\" height=\"483\" srcset=\"https:\/\/www.seyountyre.com\/wp-content\/uploads\/2025\/03\/\u5de5\u5382\u8be6\u60c5\u56fe-300x266.jpg 300w, https:\/\/www.seyountyre.com\/wp-content\/uploads\/2025\/03\/\u5de5\u5382\u8be6\u60c5\u56fe-14x12.jpg 14w, https:\/\/www.seyountyre.com\/wp-content\/uploads\/2025\/03\/\u5de5\u5382\u8be6\u60c5\u56fe-600x532.jpg 600w, https:\/\/www.seyountyre.com\/wp-content\/uploads\/2025\/03\/\u5de5\u5382\u8be6\u60c5\u56fe.jpg 750w\" sizes=\"(max-width: 545px) 100vw, 545px\" \/><\/p>\n<p><img loading=\"lazy\" decoding=\"async\" class=\"alignnone wp-image-4287\" src=\"http:\/\/www.seyountyre.com\/wp-content\/uploads\/2025\/03\/\u8bc1\u4e66-300x28.jpg\" alt=\"\" width=\"546\" height=\"51\" srcset=\"https:\/\/www.seyountyre.com\/wp-content\/uploads\/2025\/03\/\u8bc1\u4e66-300x28.jpg 300w, https:\/\/www.seyountyre.com\/wp-content\/uploads\/2025\/03\/\u8bc1\u4e66-18x2.jpg 18w, https:\/\/www.seyountyre.com\/wp-content\/uploads\/2025\/03\/\u8bc1\u4e66-600x56.jpg 600w, https:\/\/www.seyountyre.com\/wp-content\/uploads\/2025\/03\/\u8bc1\u4e66.jpg 750w\" sizes=\"(max-width: 546px) 100vw, 546px\" \/><\/p>\n<p><img loading=\"lazy\" decoding=\"async\" class=\"alignnone wp-image-4286\" src=\"http:\/\/www.seyountyre.com\/wp-content\/uploads\/2025\/03\/\u6469\u6258\u8f66\u91c7\u75282_08-300x131.jpg\" alt=\"\" width=\"536\" height=\"234\" srcset=\"https:\/\/www.seyountyre.com\/wp-content\/uploads\/2025\/03\/\u6469\u6258\u8f66\u91c7\u75282_08-300x131.jpg 300w, https:\/\/www.seyountyre.com\/wp-content\/uploads\/2025\/03\/\u6469\u6258\u8f66\u91c7\u75282_08-18x8.jpg 18w, https:\/\/www.seyountyre.com\/wp-content\/uploads\/2025\/03\/\u6469\u6258\u8f66\u91c7\u75282_08-600x262.jpg 600w, https:\/\/www.seyountyre.com\/wp-content\/uploads\/2025\/03\/\u6469\u6258\u8f66\u91c7\u75282_08.jpg 750w\" sizes=\"(max-width: 536px) 100vw, 536px\" \/><\/p>\n<p><img loading=\"lazy\" decoding=\"async\" class=\"alignnone wp-image-4288\" src=\"http:\/\/www.seyountyre.com\/wp-content\/uploads\/2025\/03\/\u5c55\u4f1a\u56fe-300x300.jpg\" alt=\"\" width=\"521\" height=\"521\" srcset=\"https:\/\/www.seyountyre.com\/wp-content\/uploads\/2025\/03\/\u5c55\u4f1a\u56fe-300x300.jpg 300w, https:\/\/www.seyountyre.com\/wp-content\/uploads\/2025\/03\/\u5c55\u4f1a\u56fe-1024x1024.jpg 1024w, https:\/\/www.seyountyre.com\/wp-content\/uploads\/2025\/03\/\u5c55\u4f1a\u56fe-150x150.jpg 150w, https:\/\/www.seyountyre.com\/wp-content\/uploads\/2025\/03\/\u5c55\u4f1a\u56fe-768x768.jpg 768w, https:\/\/www.seyountyre.com\/wp-content\/uploads\/2025\/03\/\u5c55\u4f1a\u56fe-12x12.jpg 12w, https:\/\/www.seyountyre.com\/wp-content\/uploads\/2025\/03\/\u5c55\u4f1a\u56fe-600x600.jpg 600w, https:\/\/www.seyountyre.com\/wp-content\/uploads\/2025\/03\/\u5c55\u4f1a\u56fe-100x100.jpg 100w, https:\/\/www.seyountyre.com\/wp-content\/uploads\/2025\/03\/\u5c55\u4f1a\u56fe.jpg 1200w\" sizes=\"(max-width: 521px) 100vw, 521px\" \/><\/p>\n<p><img loading=\"lazy\" decoding=\"async\" class=\"alignnone wp-image-4283\" src=\"http:\/\/www.seyountyre.com\/wp-content\/uploads\/2025\/03\/\u88c5\u7bb1\u53d1\u8d27\u56fe-300x236.jpg\" alt=\"\" width=\"517\" height=\"407\" srcset=\"https:\/\/www.seyountyre.com\/wp-content\/uploads\/2025\/03\/\u88c5\u7bb1\u53d1\u8d27\u56fe-300x236.jpg 300w, https:\/\/www.seyountyre.com\/wp-content\/uploads\/2025\/03\/\u88c5\u7bb1\u53d1\u8d27\u56fe-15x12.jpg 15w, https:\/\/www.seyountyre.com\/wp-content\/uploads\/2025\/03\/\u88c5\u7bb1\u53d1\u8d27\u56fe-600x473.jpg 600w, https:\/\/www.seyountyre.com\/wp-content\/uploads\/2025\/03\/\u88c5\u7bb1\u53d1\u8d27\u56fe.jpg 750w\" sizes=\"(max-width: 517px) 100vw, 517px\" \/><\/p>","protected":false},"excerpt":{"rendered":"<p>Pattern Size PR LI&amp;SS Overall Diameter(mm) Load Capacity(kg) Inflation Pressure(kpa) Section Width(mm) Standard Rim(inch) Tread Depth (mm) Single Dual SYT602S 12R22.5 18 152\/149L 1,085 3,550 3,250 930 300 9.00 17.2 Truck&amp;Bus Radial Tires, with their high-strength all-steel cord fabric structure, possess excellent wear resistance, impact resistance and load-bearing performance. They can adapt to various complex [&hellip;]<\/p>\n","protected":false},"featured_media":4111,"comment_status":"closed","ping_status":"closed","template":"","meta":{"_acf_changed":false},"product_brand":[],"product_cat":[18,17],"product_tag":[],"class_list":{"0":"post-4067","1":"product","2":"type-product","3":"status-publish","4":"has-post-thumbnail","6":"product_cat-long-haul","7":"product_cat-tbr","9":"first","10":"instock","11":"shipping-taxable","12":"product-type-simple"},"acf":[],"_links":{"self":[{"href":"https:\/\/www.seyountyre.com\/pt\/wp-json\/wp\/v2\/product\/4067","targetHints":{"allow":["GET"]}}],"collection":[{"href":"https:\/\/www.seyountyre.com\/pt\/wp-json\/wp\/v2\/product"}],"about":[{"href":"https:\/\/www.seyountyre.com\/pt\/wp-json\/wp\/v2\/types\/product"}],"replies":[{"embeddable":true,"href":"https:\/\/www.seyountyre.com\/pt\/wp-json\/wp\/v2\/comments?post=4067"}],"wp:featuredmedia":[{"embeddable":true,"href":"https:\/\/www.seyountyre.com\/pt\/wp-json\/wp\/v2\/media\/4111"}],"wp:attachment":[{"href":"https:\/\/www.seyountyre.com\/pt\/wp-json\/wp\/v2\/media?parent=4067"}],"wp:term":[{"taxonomy":"product_brand","embeddable":true,"href":"https:\/\/www.seyountyre.com\/pt\/wp-json\/wp\/v2\/product_brand?post=4067"},{"taxonomy":"product_cat","embeddable":true,"href":"https:\/\/www.seyountyre.com\/pt\/wp-json\/wp\/v2\/product_cat?post=4067"},{"taxonomy":"product_tag","embeddable":true,"href":"https:\/\/www.seyountyre.com\/pt\/wp-json\/wp\/v2\/product_tag?post=4067"}],"curies":[{"name":"wp","href":"https:\/\/api.w.org\/{rel}","templated":true}]}}