{"id":4067,"date":"2025-12-08T15:56:23","date_gmt":"2025-12-08T07:56:23","guid":{"rendered":"https:\/\/www.seyountyre.com\/?post_type=product&#038;p=4067"},"modified":"2026-05-14T15:49:38","modified_gmt":"2026-05-14T07:49:38","slug":"pneus-de-camion-seyoun-syt602s-12r22-5-pneus-tbr-pneu-de-camion","status":"publish","type":"product","link":"https:\/\/www.seyountyre.com\/fr\/long-haul\/seyoun-llantas-para-camion-syt602s-12r22-5-tbr-tire-truck-tyre\/","title":{"rendered":"SEYOUN Pneus de camion SYT602S 12R22.5 pneu TBR pour camion"},"content":{"rendered":"<table style=\"width: 76.722%; height: 96px;\" width=\"824\">\n<tbody>\n<tr style=\"height: 48px;\">\n<td style=\"height: 72px; width: 3.49176%;\" rowspan=\"2\" width=\"68\">Mod\u00e8le<\/td>\n<td style=\"height: 72px; width: 3.49176%;\" rowspan=\"2\" width=\"68\">Taille<\/td>\n<td style=\"height: 72px; width: 3.49176%;\" rowspan=\"2\" width=\"68\">PR<\/td>\n<td style=\"height: 72px; width: 3.49176%;\" rowspan=\"2\" width=\"68\">Li &amp; ss<\/td>\n<td style=\"height: 72px; width: 5.38312%;\" rowspan=\"2\" width=\"99\">Dans l'ensemble<br \/>\nDiam\u00e8tre (mm)<\/td>\n<td style=\"height: 48px; text-align: center; width: 11.1806%;\" colspan=\"2\" width=\"129\">Charger<br \/>\nCapacit\u00e9 (kg)<\/td>\n<td style=\"height: 72px; width: 3.52464%;\" rowspan=\"2\" width=\"96\">Inflation<br \/>\nPression (KPA)<\/td>\n<td style=\"height: 72px; width: 1.44848%;\" rowspan=\"2\" width=\"78\">Section<br \/>\nLargeur (mm)<\/td>\n<td style=\"height: 72px; width: 2.54108%;\" rowspan=\"2\" width=\"68\">Standard<br \/>\nRim (pouce)<\/td>\n<td style=\"height: 72px; width: 4.33375%;\" rowspan=\"2\" width=\"82\">Bande de roulement<br \/>\nProfondeur (mm)<\/td>\n<\/tr>\n<tr style=\"height: 24px;\">\n<td style=\"height: 24px; width: 3.79864%;\">C\u00e9libataire<\/td>\n<td style=\"height: 24px; width: 7.38196%;\">Double<\/td>\n<\/tr>\n<tr style=\"height: 24px;\">\n<td style=\"height: 24px; width: 3.49176%;\">SYT602S<\/td>\n<td style=\"height: 24px; width: 3.49176%;\">12R22.5<\/td>\n<td style=\"height: 24px; width: 3.49176%;\">18<\/td>\n<td style=\"height: 24px; width: 3.49176%;\">152 \/ 149L<\/td>\n<td style=\"height: 24px; width: 5.38312%;\">1,085<\/td>\n<td style=\"height: 24px; width: 3.79864%;\">3,550<\/td>\n<td style=\"height: 24px; width: 7.38196%;\">3,250<\/td>\n<td style=\"height: 24px; width: 3.52464%;\" width=\"96\">930<\/td>\n<td style=\"height: 24px; width: 1.44848%;\">300<\/td>\n<td style=\"height: 24px; width: 2.54108%;\">9.00<\/td>\n<td style=\"height: 24px; width: 4.33375%;\">17.2<\/td>\n<\/tr>\n<\/tbody>\n<\/table>\n<p><img decoding=\"async\" class=\"alignnone wp-image-4277\" src=\"http:\/\/www.seyountyre.com\/wp-content\/uploads\/2025\/03\/\u4ea7\u54c1\u4ecb\u7ecd-300x32.jpg\" alt=\"\" width=\"656\" height=\"70\" srcset=\"https:\/\/www.seyountyre.com\/wp-content\/uploads\/2025\/03\/\u4ea7\u54c1\u4ecb\u7ecd-300x32.jpg 300w, https:\/\/www.seyountyre.com\/wp-content\/uploads\/2025\/03\/\u4ea7\u54c1\u4ecb\u7ecd-18x2.jpg 18w, https:\/\/www.seyountyre.com\/wp-content\/uploads\/2025\/03\/\u4ea7\u54c1\u4ecb\u7ecd-600x63.jpg 600w, https:\/\/www.seyountyre.com\/wp-content\/uploads\/2025\/03\/\u4ea7\u54c1\u4ecb\u7ecd.jpg 750w\" sizes=\"(max-width: 656px) 100vw, 656px\" \/><\/p>\n<p><img fetchpriority=\"high\" decoding=\"async\" class=\"alignnone wp-image-4278\" src=\"http:\/\/www.seyountyre.com\/wp-content\/uploads\/2025\/03\/\u4e09\u5143\u56fd\u9645\u7ad9-Truck_02-300x247.jpg\" alt=\"\" width=\"657\" height=\"541\" srcset=\"https:\/\/www.seyountyre.com\/wp-content\/uploads\/2025\/03\/\u4e09\u5143\u56fd\u9645\u7ad9-Truck_02-300x247.jpg 300w, https:\/\/www.seyountyre.com\/wp-content\/uploads\/2025\/03\/\u4e09\u5143\u56fd\u9645\u7ad9-Truck_02-15x12.jpg 15w, https:\/\/www.seyountyre.com\/wp-content\/uploads\/2025\/03\/\u4e09\u5143\u56fd\u9645\u7ad9-Truck_02-600x494.jpg 600w, https:\/\/www.seyountyre.com\/wp-content\/uploads\/2025\/03\/\u4e09\u5143\u56fd\u9645\u7ad9-Truck_02.jpg 750w\" sizes=\"(max-width: 657px) 100vw, 657px\" \/><\/p>\n<p><span data-spm-anchor-id=\"a2700.details-description.0.i0.17c5Y0GGY0GG3w\">Pneus Radiaux pour Camions et Autobus<\/span>, dot\u00e9s de leur structure radiale tout acier haute r\u00e9sistance, poss\u00e8dent une excellente r\u00e9sistance \u00e0 l'usure, aux chocs et \u00e0 la charge. Ils peuvent s'adapter \u00e0 divers environnements de terrain complexes. Le corps de pneu tout acier a une grande r\u00e9sistance, peut supporter la temp\u00e9rature et la pression de la conduite \u00e0 grande vitesse \u00e0 long terme, ne se d\u00e9forme pas facilement et convient aux routes lisses et durcies telles que les autoroutes, les routes nationales et les routes urbaines. Le corps de pneu tout acier a une forte r\u00e9sistance \u00e0 la perforation, r\u00e9duisant les dommages caus\u00e9s au pneu par les pierres concass\u00e9es et les objets pointus. Il convient aux routes de campagne en terre, aux routes non pav\u00e9es des zones mini\u00e8res, aux chantiers de construction, etc. Les rainures du motif sont con\u00e7ues pour \u00eatre plus larges et ont un meilleur drainage, ce qui peut \u00e9vacuer rapidement la boue et l'eau pour \u00e9viter de glisser. Ils conviennent aux routes boueuses, aux terres agricoles et aux bords des marais pendant la saison des pluies. Les performances de charge \u00e9lev\u00e9es garantissent que le corps du pneu ne se d\u00e9forme pas lorsque le v\u00e9hicule est fortement charg\u00e9 et monte des pentes, maintenant la stabilit\u00e9 de l'adh\u00e9rence. Il convient aux routes de montagne et aux routes de transport montagneuses.<\/p>\n<p><img decoding=\"async\" class=\"alignnone wp-image-4279\" src=\"http:\/\/www.seyountyre.com\/wp-content\/uploads\/2025\/03\/Truck_02-300x25.jpg\" alt=\"\" width=\"588\" height=\"49\" srcset=\"https:\/\/www.seyountyre.com\/wp-content\/uploads\/2025\/03\/Truck_02-300x25.jpg 300w, https:\/\/www.seyountyre.com\/wp-content\/uploads\/2025\/03\/Truck_02-18x1.jpg 18w, https:\/\/www.seyountyre.com\/wp-content\/uploads\/2025\/03\/Truck_02-600x50.jpg 600w, https:\/\/www.seyountyre.com\/wp-content\/uploads\/2025\/03\/Truck_02.jpg 750w\" sizes=\"(max-width: 588px) 100vw, 588px\" \/><\/p>\n<p><img loading=\"lazy\" decoding=\"async\" class=\"alignnone wp-image-4280\" src=\"http:\/\/www.seyountyre.com\/wp-content\/uploads\/2025\/03\/\u4e09\u5143\u56fd\u9645\u7ad9-Truck_20-300x291.jpg\" alt=\"\" width=\"579\" height=\"562\" srcset=\"https:\/\/www.seyountyre.com\/wp-content\/uploads\/2025\/03\/\u4e09\u5143\u56fd\u9645\u7ad9-Truck_20-300x291.jpg 300w, https:\/\/www.seyountyre.com\/wp-content\/uploads\/2025\/03\/\u4e09\u5143\u56fd\u9645\u7ad9-Truck_20-12x12.jpg 12w, https:\/\/www.seyountyre.com\/wp-content\/uploads\/2025\/03\/\u4e09\u5143\u56fd\u9645\u7ad9-Truck_20-600x582.jpg 600w, https:\/\/www.seyountyre.com\/wp-content\/uploads\/2025\/03\/\u4e09\u5143\u56fd\u9645\u7ad9-Truck_20.jpg 750w\" sizes=\"(max-width: 579px) 100vw, 579px\" \/><\/p>\n<p><img loading=\"lazy\" decoding=\"async\" class=\"alignnone wp-image-4282\" src=\"http:\/\/www.seyountyre.com\/wp-content\/uploads\/2025\/03\/\u4e09\u5143\u56fd\u9645\u7ad9-Truck_04-300x154.jpg\" alt=\"\" width=\"571\" height=\"293\" srcset=\"https:\/\/www.seyountyre.com\/wp-content\/uploads\/2025\/03\/\u4e09\u5143\u56fd\u9645\u7ad9-Truck_04-300x154.jpg 300w, https:\/\/www.seyountyre.com\/wp-content\/uploads\/2025\/03\/\u4e09\u5143\u56fd\u9645\u7ad9-Truck_04-18x9.jpg 18w, https:\/\/www.seyountyre.com\/wp-content\/uploads\/2025\/03\/\u4e09\u5143\u56fd\u9645\u7ad9-Truck_04-600x309.jpg 600w, https:\/\/www.seyountyre.com\/wp-content\/uploads\/2025\/03\/\u4e09\u5143\u56fd\u9645\u7ad9-Truck_04.jpg 750w\" sizes=\"(max-width: 571px) 100vw, 571px\" \/><\/p>\n<p><img loading=\"lazy\" decoding=\"async\" class=\"alignnone wp-image-4281\" src=\"http:\/\/www.seyountyre.com\/wp-content\/uploads\/2025\/03\/\u5361\u8f66\u597d\u8bc4-300x300.jpg\" alt=\"\" width=\"556\" height=\"556\" srcset=\"https:\/\/www.seyountyre.com\/wp-content\/uploads\/2025\/03\/\u5361\u8f66\u597d\u8bc4-300x300.jpg 300w, https:\/\/www.seyountyre.com\/wp-content\/uploads\/2025\/03\/\u5361\u8f66\u597d\u8bc4-150x150.jpg 150w, https:\/\/www.seyountyre.com\/wp-content\/uploads\/2025\/03\/\u5361\u8f66\u597d\u8bc4-12x12.jpg 12w, https:\/\/www.seyountyre.com\/wp-content\/uploads\/2025\/03\/\u5361\u8f66\u597d\u8bc4-600x600.jpg 600w, https:\/\/www.seyountyre.com\/wp-content\/uploads\/2025\/03\/\u5361\u8f66\u597d\u8bc4-100x100.jpg 100w, https:\/\/www.seyountyre.com\/wp-content\/uploads\/2025\/03\/\u5361\u8f66\u597d\u8bc4.jpg 750w\" sizes=\"(max-width: 556px) 100vw, 556px\" \/><\/p>\n<p><img loading=\"lazy\" decoding=\"async\" class=\"alignnone wp-image-4284\" src=\"http:\/\/www.seyountyre.com\/wp-content\/uploads\/2025\/03\/\u516c\u53f8\u7b80\u4ecb-300x28.jpg\" alt=\"\" width=\"536\" height=\"50\" srcset=\"https:\/\/www.seyountyre.com\/wp-content\/uploads\/2025\/03\/\u516c\u53f8\u7b80\u4ecb-300x28.jpg 300w, https:\/\/www.seyountyre.com\/wp-content\/uploads\/2025\/03\/\u516c\u53f8\u7b80\u4ecb-18x2.jpg 18w, https:\/\/www.seyountyre.com\/wp-content\/uploads\/2025\/03\/\u516c\u53f8\u7b80\u4ecb-600x55.jpg 600w, https:\/\/www.seyountyre.com\/wp-content\/uploads\/2025\/03\/\u516c\u53f8\u7b80\u4ecb.jpg 750w\" sizes=\"(max-width: 536px) 100vw, 536px\" \/><\/p>\n<p><img loading=\"lazy\" decoding=\"async\" class=\"alignnone wp-image-4285\" src=\"http:\/\/www.seyountyre.com\/wp-content\/uploads\/2025\/03\/\u516c\u53f8\u4ecb\u7ecd\u56fe-300x146.jpg\" alt=\"\" width=\"545\" height=\"265\" srcset=\"https:\/\/www.seyountyre.com\/wp-content\/uploads\/2025\/03\/\u516c\u53f8\u4ecb\u7ecd\u56fe-300x146.jpg 300w, https:\/\/www.seyountyre.com\/wp-content\/uploads\/2025\/03\/\u516c\u53f8\u4ecb\u7ecd\u56fe-18x9.jpg 18w, https:\/\/www.seyountyre.com\/wp-content\/uploads\/2025\/03\/\u516c\u53f8\u4ecb\u7ecd\u56fe-600x292.jpg 600w, https:\/\/www.seyountyre.com\/wp-content\/uploads\/2025\/03\/\u516c\u53f8\u4ecb\u7ecd\u56fe.jpg 750w\" sizes=\"(max-width: 545px) 100vw, 545px\" \/><\/p>\n<p><span class=\"magic-24\"><span class=\"magic-61\" style=\"color: #d67b03;\" data-spm-anchor-id=\"a2700.details-description.0.i1.17c5Y0GGY0GG3w\">JiangsuSanyuan Tire Co., Ltd<\/span> <\/span><span class=\"magic-62\">(SEYOUN Pneu), fond\u00e9e en 2001, est un fabricant priv\u00e9 de technologie de pneus et chambres \u00e0 air pour v\u00e9los, v\u00e9los \u00e9lectriques, motos et camions. Le si\u00e8ge social de SEYOUN, ainsi que sa principale base de fabrication, l'usine de Suqian, fond\u00e9e le 7 juillet 2007, est id\u00e9alement situ\u00e9e dans le district de d\u00e9veloppement \u00e9conomique de Suyu, dans la ville de Suqian, province du Jiangsu. Couvrant une superficie de 648 acres, avec une superficie b\u00e2tie de 290 000 m\u00e8tres carr\u00e9s. Avec un investissement total de 290 millions de dollars, l'usine de Suqian a construit plus de 43 lignes de production de classe mondiale. SEYOUN Tire est l'un des plus grands fabricants mondiaux avec une production de 80 millions de chambres \u00e0 air et 83 millions de pneus pour v\u00e9los, v\u00e9los \u00e9lectriques, motos et camions, et ses ventes annuelles atteignent 150 millions de dollars. SEYOUN tire est l'un des 3 principaux fabricants de pneus de motos et scooters en Chine, et nous avons investi 3 milliards de RMB en 2021 pour lancer la ligne de production enti\u00e8rement automatique afin de r\u00e9aliser la premi\u00e8re v\u00e9ritable industrie 4.0 en Chine. SEYOUN Tire a obtenu les certificats ISO9001, CCC, E-MARK, ECE, SNI et DOT. Gr\u00e2ce \u00e0 notre certification de syst\u00e8me de gestion de la qualit\u00e9 ISO9001 et \u00e0 la certification obligatoire des produits (certification 3C), nous avons \u00e9tabli un syst\u00e8me et des processus de gestion de la qualit\u00e9 complets. <\/span><\/p>\n<p><img loading=\"lazy\" decoding=\"async\" class=\"alignnone wp-image-4292\" src=\"http:\/\/www.seyountyre.com\/wp-content\/uploads\/2025\/03\/\u5de5\u5382\u8be6\u60c5\u56fe-300x266.jpg\" alt=\"\" width=\"545\" height=\"483\" srcset=\"https:\/\/www.seyountyre.com\/wp-content\/uploads\/2025\/03\/\u5de5\u5382\u8be6\u60c5\u56fe-300x266.jpg 300w, https:\/\/www.seyountyre.com\/wp-content\/uploads\/2025\/03\/\u5de5\u5382\u8be6\u60c5\u56fe-14x12.jpg 14w, https:\/\/www.seyountyre.com\/wp-content\/uploads\/2025\/03\/\u5de5\u5382\u8be6\u60c5\u56fe-600x532.jpg 600w, https:\/\/www.seyountyre.com\/wp-content\/uploads\/2025\/03\/\u5de5\u5382\u8be6\u60c5\u56fe.jpg 750w\" sizes=\"(max-width: 545px) 100vw, 545px\" \/><\/p>\n<p><img loading=\"lazy\" decoding=\"async\" class=\"alignnone wp-image-4287\" src=\"http:\/\/www.seyountyre.com\/wp-content\/uploads\/2025\/03\/\u8bc1\u4e66-300x28.jpg\" alt=\"\" width=\"546\" height=\"51\" srcset=\"https:\/\/www.seyountyre.com\/wp-content\/uploads\/2025\/03\/\u8bc1\u4e66-300x28.jpg 300w, https:\/\/www.seyountyre.com\/wp-content\/uploads\/2025\/03\/\u8bc1\u4e66-18x2.jpg 18w, https:\/\/www.seyountyre.com\/wp-content\/uploads\/2025\/03\/\u8bc1\u4e66-600x56.jpg 600w, https:\/\/www.seyountyre.com\/wp-content\/uploads\/2025\/03\/\u8bc1\u4e66.jpg 750w\" sizes=\"(max-width: 546px) 100vw, 546px\" \/><\/p>\n<p><img loading=\"lazy\" decoding=\"async\" class=\"alignnone wp-image-4286\" src=\"http:\/\/www.seyountyre.com\/wp-content\/uploads\/2025\/03\/\u6469\u6258\u8f66\u91c7\u75282_08-300x131.jpg\" alt=\"\" width=\"536\" height=\"234\" srcset=\"https:\/\/www.seyountyre.com\/wp-content\/uploads\/2025\/03\/\u6469\u6258\u8f66\u91c7\u75282_08-300x131.jpg 300w, https:\/\/www.seyountyre.com\/wp-content\/uploads\/2025\/03\/\u6469\u6258\u8f66\u91c7\u75282_08-18x8.jpg 18w, https:\/\/www.seyountyre.com\/wp-content\/uploads\/2025\/03\/\u6469\u6258\u8f66\u91c7\u75282_08-600x262.jpg 600w, https:\/\/www.seyountyre.com\/wp-content\/uploads\/2025\/03\/\u6469\u6258\u8f66\u91c7\u75282_08.jpg 750w\" sizes=\"(max-width: 536px) 100vw, 536px\" \/><\/p>\n<p><img loading=\"lazy\" decoding=\"async\" class=\"alignnone wp-image-4288\" src=\"http:\/\/www.seyountyre.com\/wp-content\/uploads\/2025\/03\/\u5c55\u4f1a\u56fe-300x300.jpg\" alt=\"\" width=\"521\" height=\"521\" srcset=\"https:\/\/www.seyountyre.com\/wp-content\/uploads\/2025\/03\/\u5c55\u4f1a\u56fe-300x300.jpg 300w, https:\/\/www.seyountyre.com\/wp-content\/uploads\/2025\/03\/\u5c55\u4f1a\u56fe-1024x1024.jpg 1024w, https:\/\/www.seyountyre.com\/wp-content\/uploads\/2025\/03\/\u5c55\u4f1a\u56fe-150x150.jpg 150w, https:\/\/www.seyountyre.com\/wp-content\/uploads\/2025\/03\/\u5c55\u4f1a\u56fe-768x768.jpg 768w, https:\/\/www.seyountyre.com\/wp-content\/uploads\/2025\/03\/\u5c55\u4f1a\u56fe-12x12.jpg 12w, https:\/\/www.seyountyre.com\/wp-content\/uploads\/2025\/03\/\u5c55\u4f1a\u56fe-600x600.jpg 600w, https:\/\/www.seyountyre.com\/wp-content\/uploads\/2025\/03\/\u5c55\u4f1a\u56fe-100x100.jpg 100w, https:\/\/www.seyountyre.com\/wp-content\/uploads\/2025\/03\/\u5c55\u4f1a\u56fe.jpg 1200w\" sizes=\"(max-width: 521px) 100vw, 521px\" \/><\/p>\n<p><img loading=\"lazy\" decoding=\"async\" class=\"alignnone wp-image-4283\" src=\"http:\/\/www.seyountyre.com\/wp-content\/uploads\/2025\/03\/\u88c5\u7bb1\u53d1\u8d27\u56fe-300x236.jpg\" alt=\"\" width=\"517\" height=\"407\" srcset=\"https:\/\/www.seyountyre.com\/wp-content\/uploads\/2025\/03\/\u88c5\u7bb1\u53d1\u8d27\u56fe-300x236.jpg 300w, https:\/\/www.seyountyre.com\/wp-content\/uploads\/2025\/03\/\u88c5\u7bb1\u53d1\u8d27\u56fe-15x12.jpg 15w, https:\/\/www.seyountyre.com\/wp-content\/uploads\/2025\/03\/\u88c5\u7bb1\u53d1\u8d27\u56fe-600x473.jpg 600w, https:\/\/www.seyountyre.com\/wp-content\/uploads\/2025\/03\/\u88c5\u7bb1\u53d1\u8d27\u56fe.jpg 750w\" sizes=\"(max-width: 517px) 100vw, 517px\" \/><\/p>","protected":false},"excerpt":{"rendered":"<p>Pattern Size PR LI&amp;SS Overall Diameter(mm) Load Capacity(kg) Inflation Pressure(kpa) Section Width(mm) Standard Rim(inch) Tread Depth (mm) Single Dual SYT602S 12R22.5 18 152\/149L 1,085 3,550 3,250 930 300 9.00 17.2 Truck&amp;Bus Radial Tires, with their high-strength all-steel cord fabric structure, possess excellent wear resistance, impact resistance and load-bearing performance. They can adapt to various complex [&hellip;]<\/p>\n","protected":false},"featured_media":4111,"comment_status":"closed","ping_status":"closed","template":"","meta":{"_acf_changed":false},"product_brand":[],"product_cat":[18,17],"product_tag":[],"class_list":{"0":"post-4067","1":"product","2":"type-product","3":"status-publish","4":"has-post-thumbnail","6":"product_cat-long-haul","7":"product_cat-tbr","9":"first","10":"instock","11":"shipping-taxable","12":"product-type-simple"},"acf":[],"_links":{"self":[{"href":"https:\/\/www.seyountyre.com\/fr\/wp-json\/wp\/v2\/product\/4067","targetHints":{"allow":["GET"]}}],"collection":[{"href":"https:\/\/www.seyountyre.com\/fr\/wp-json\/wp\/v2\/product"}],"about":[{"href":"https:\/\/www.seyountyre.com\/fr\/wp-json\/wp\/v2\/types\/product"}],"replies":[{"embeddable":true,"href":"https:\/\/www.seyountyre.com\/fr\/wp-json\/wp\/v2\/comments?post=4067"}],"wp:featuredmedia":[{"embeddable":true,"href":"https:\/\/www.seyountyre.com\/fr\/wp-json\/wp\/v2\/media\/4111"}],"wp:attachment":[{"href":"https:\/\/www.seyountyre.com\/fr\/wp-json\/wp\/v2\/media?parent=4067"}],"wp:term":[{"taxonomy":"product_brand","embeddable":true,"href":"https:\/\/www.seyountyre.com\/fr\/wp-json\/wp\/v2\/product_brand?post=4067"},{"taxonomy":"product_cat","embeddable":true,"href":"https:\/\/www.seyountyre.com\/fr\/wp-json\/wp\/v2\/product_cat?post=4067"},{"taxonomy":"product_tag","embeddable":true,"href":"https:\/\/www.seyountyre.com\/fr\/wp-json\/wp\/v2\/product_tag?post=4067"}],"curies":[{"name":"wp","href":"https:\/\/api.w.org\/{rel}","templated":true}]}}