{"id":4756,"date":"2026-02-12T14:00:06","date_gmt":"2026-02-12T06:00:06","guid":{"rendered":"https:\/\/www.seyountyre.com\/?post_type=product&#038;p=4756"},"modified":"2026-05-14T15:26:39","modified_gmt":"2026-05-14T07:26:39","slug":"seyoun-llantas-para-camion-syt990-tbr-tire-8-25r16lt-truck-tyre","status":"publish","type":"product","link":"https:\/\/www.seyountyre.com\/es\/off-road\/seyoun-llantas-para-camion-syt990-tbr-tire-8-25r16lt-truck-tyre\/","title":{"rendered":"SEYOUN Llantas Para Camion SYT990 TBR Tire 8.25R16LT Truck Tyre"},"content":{"rendered":"<p><img decoding=\"async\" class=\"alignnone wp-image-4277\" src=\"http:\/\/www.seyountyre.com\/wp-content\/uploads\/2025\/03\/\u4ea7\u54c1\u4ecb\u7ecd-300x32.jpg\" alt=\"\" width=\"656\" height=\"70\" srcset=\"https:\/\/www.seyountyre.com\/wp-content\/uploads\/2025\/03\/\u4ea7\u54c1\u4ecb\u7ecd-300x32.jpg 300w, https:\/\/www.seyountyre.com\/wp-content\/uploads\/2025\/03\/\u4ea7\u54c1\u4ecb\u7ecd-18x2.jpg 18w, https:\/\/www.seyountyre.com\/wp-content\/uploads\/2025\/03\/\u4ea7\u54c1\u4ecb\u7ecd-600x63.jpg 600w, https:\/\/www.seyountyre.com\/wp-content\/uploads\/2025\/03\/\u4ea7\u54c1\u4ecb\u7ecd.jpg 750w\" sizes=\"(max-width: 656px) 100vw, 656px\" \/><\/p>\n<p><img fetchpriority=\"high\" decoding=\"async\" class=\"alignnone wp-image-4278\" src=\"http:\/\/www.seyountyre.com\/wp-content\/uploads\/2025\/03\/\u4e09\u5143\u56fd\u9645\u7ad9-Truck_02-300x247.jpg\" alt=\"\" width=\"657\" height=\"541\" srcset=\"https:\/\/www.seyountyre.com\/wp-content\/uploads\/2025\/03\/\u4e09\u5143\u56fd\u9645\u7ad9-Truck_02-300x247.jpg 300w, https:\/\/www.seyountyre.com\/wp-content\/uploads\/2025\/03\/\u4e09\u5143\u56fd\u9645\u7ad9-Truck_02-15x12.jpg 15w, https:\/\/www.seyountyre.com\/wp-content\/uploads\/2025\/03\/\u4e09\u5143\u56fd\u9645\u7ad9-Truck_02-600x494.jpg 600w, https:\/\/www.seyountyre.com\/wp-content\/uploads\/2025\/03\/\u4e09\u5143\u56fd\u9645\u7ad9-Truck_02.jpg 750w\" sizes=\"(max-width: 657px) 100vw, 657px\" \/><\/p>\n<p><span data-spm-anchor-id=\"a2700.details-description.0.i0.17c5Y0GGY0GG3w\">Neum\u00e1ticos Radiales para Camiones y Autobuses<\/span>, con su estructura de tejido de cord\u00f3n de acero de alta resistencia, poseen una excelente resistencia al desgaste, resistencia al impacto y rendimiento de carga. Pueden adaptarse a diversos entornos de terrenos complejos. El cuerpo del neum\u00e1tico de acero de alta resistencia, puede soportar la temperatura y la presi\u00f3n de la conducci\u00f3n prolongada a alta velocidad, no se deforma f\u00e1cilmente y es adecuado para carreteras lisas y pavimentadas como autopistas, carreteras nacionales y urbanas. El cuerpo del neum\u00e1tico de acero de alta resistencia tiene una gran resistencia a los pinchazos, lo que reduce los da\u00f1os al neum\u00e1tico causados por piedras trituradas y objetos punzantes. Es adecuado para caminos rurales de tierra, caminos no pavimentados de \u00e1reas mineras, sitios de construcci\u00f3n, etc. Las ranuras del dibujo est\u00e1n dise\u00f1adas para ser m\u00e1s anchas y tener un mejor drenaje, lo que puede descargar r\u00e1pidamente lodo y agua para evitar resbalones. Son adecuados para caminos embarrados, tierras de cultivo y los bordes de pantanos durante la temporada de lluvias. El alto rendimiento de carga garantiza que el cuerpo del neum\u00e1tico no se deforme cuando el veh\u00edculo est\u00e1 muy cargado y sube pendientes, manteniendo la estabilidad del agarre. Es adecuado para carreteras de monta\u00f1a y carreteras de transporte monta\u00f1osas.<\/p>\n<p><img decoding=\"async\" class=\"alignnone wp-image-4279\" src=\"http:\/\/www.seyountyre.com\/wp-content\/uploads\/2025\/03\/Truck_02-300x25.jpg\" alt=\"\" width=\"588\" height=\"49\" srcset=\"https:\/\/www.seyountyre.com\/wp-content\/uploads\/2025\/03\/Truck_02-300x25.jpg 300w, https:\/\/www.seyountyre.com\/wp-content\/uploads\/2025\/03\/Truck_02-18x1.jpg 18w, https:\/\/www.seyountyre.com\/wp-content\/uploads\/2025\/03\/Truck_02-600x50.jpg 600w, https:\/\/www.seyountyre.com\/wp-content\/uploads\/2025\/03\/Truck_02.jpg 750w\" sizes=\"(max-width: 588px) 100vw, 588px\" \/><\/p>\n<p><img loading=\"lazy\" decoding=\"async\" class=\"alignnone wp-image-4280\" src=\"http:\/\/www.seyountyre.com\/wp-content\/uploads\/2025\/03\/\u4e09\u5143\u56fd\u9645\u7ad9-Truck_20-300x291.jpg\" alt=\"\" width=\"579\" height=\"562\" srcset=\"https:\/\/www.seyountyre.com\/wp-content\/uploads\/2025\/03\/\u4e09\u5143\u56fd\u9645\u7ad9-Truck_20-300x291.jpg 300w, https:\/\/www.seyountyre.com\/wp-content\/uploads\/2025\/03\/\u4e09\u5143\u56fd\u9645\u7ad9-Truck_20-12x12.jpg 12w, https:\/\/www.seyountyre.com\/wp-content\/uploads\/2025\/03\/\u4e09\u5143\u56fd\u9645\u7ad9-Truck_20-600x582.jpg 600w, https:\/\/www.seyountyre.com\/wp-content\/uploads\/2025\/03\/\u4e09\u5143\u56fd\u9645\u7ad9-Truck_20.jpg 750w\" sizes=\"(max-width: 579px) 100vw, 579px\" \/><\/p>\n<p><img loading=\"lazy\" decoding=\"async\" class=\"alignnone wp-image-4282\" src=\"http:\/\/www.seyountyre.com\/wp-content\/uploads\/2025\/03\/\u4e09\u5143\u56fd\u9645\u7ad9-Truck_04-300x154.jpg\" alt=\"\" width=\"571\" height=\"293\" srcset=\"https:\/\/www.seyountyre.com\/wp-content\/uploads\/2025\/03\/\u4e09\u5143\u56fd\u9645\u7ad9-Truck_04-300x154.jpg 300w, https:\/\/www.seyountyre.com\/wp-content\/uploads\/2025\/03\/\u4e09\u5143\u56fd\u9645\u7ad9-Truck_04-18x9.jpg 18w, https:\/\/www.seyountyre.com\/wp-content\/uploads\/2025\/03\/\u4e09\u5143\u56fd\u9645\u7ad9-Truck_04-600x309.jpg 600w, https:\/\/www.seyountyre.com\/wp-content\/uploads\/2025\/03\/\u4e09\u5143\u56fd\u9645\u7ad9-Truck_04.jpg 750w\" sizes=\"(max-width: 571px) 100vw, 571px\" \/><\/p>\n<p><img loading=\"lazy\" decoding=\"async\" class=\"alignnone wp-image-4281\" src=\"http:\/\/www.seyountyre.com\/wp-content\/uploads\/2025\/03\/\u5361\u8f66\u597d\u8bc4-300x300.jpg\" alt=\"\" width=\"556\" height=\"556\" srcset=\"https:\/\/www.seyountyre.com\/wp-content\/uploads\/2025\/03\/\u5361\u8f66\u597d\u8bc4-300x300.jpg 300w, https:\/\/www.seyountyre.com\/wp-content\/uploads\/2025\/03\/\u5361\u8f66\u597d\u8bc4-150x150.jpg 150w, https:\/\/www.seyountyre.com\/wp-content\/uploads\/2025\/03\/\u5361\u8f66\u597d\u8bc4-12x12.jpg 12w, https:\/\/www.seyountyre.com\/wp-content\/uploads\/2025\/03\/\u5361\u8f66\u597d\u8bc4-600x600.jpg 600w, https:\/\/www.seyountyre.com\/wp-content\/uploads\/2025\/03\/\u5361\u8f66\u597d\u8bc4-100x100.jpg 100w, https:\/\/www.seyountyre.com\/wp-content\/uploads\/2025\/03\/\u5361\u8f66\u597d\u8bc4.jpg 750w\" sizes=\"(max-width: 556px) 100vw, 556px\" \/><\/p>\n<p><img loading=\"lazy\" decoding=\"async\" class=\"alignnone wp-image-4284\" src=\"http:\/\/www.seyountyre.com\/wp-content\/uploads\/2025\/03\/\u516c\u53f8\u7b80\u4ecb-300x28.jpg\" alt=\"\" width=\"536\" height=\"50\" srcset=\"https:\/\/www.seyountyre.com\/wp-content\/uploads\/2025\/03\/\u516c\u53f8\u7b80\u4ecb-300x28.jpg 300w, https:\/\/www.seyountyre.com\/wp-content\/uploads\/2025\/03\/\u516c\u53f8\u7b80\u4ecb-18x2.jpg 18w, https:\/\/www.seyountyre.com\/wp-content\/uploads\/2025\/03\/\u516c\u53f8\u7b80\u4ecb-600x55.jpg 600w, https:\/\/www.seyountyre.com\/wp-content\/uploads\/2025\/03\/\u516c\u53f8\u7b80\u4ecb.jpg 750w\" sizes=\"(max-width: 536px) 100vw, 536px\" \/><\/p>\n<p><img loading=\"lazy\" decoding=\"async\" class=\"alignnone wp-image-4285\" src=\"http:\/\/www.seyountyre.com\/wp-content\/uploads\/2025\/03\/\u516c\u53f8\u4ecb\u7ecd\u56fe-300x146.jpg\" alt=\"\" width=\"545\" height=\"265\" srcset=\"https:\/\/www.seyountyre.com\/wp-content\/uploads\/2025\/03\/\u516c\u53f8\u4ecb\u7ecd\u56fe-300x146.jpg 300w, https:\/\/www.seyountyre.com\/wp-content\/uploads\/2025\/03\/\u516c\u53f8\u4ecb\u7ecd\u56fe-18x9.jpg 18w, https:\/\/www.seyountyre.com\/wp-content\/uploads\/2025\/03\/\u516c\u53f8\u4ecb\u7ecd\u56fe-600x292.jpg 600w, https:\/\/www.seyountyre.com\/wp-content\/uploads\/2025\/03\/\u516c\u53f8\u4ecb\u7ecd\u56fe.jpg 750w\" sizes=\"(max-width: 545px) 100vw, 545px\" \/><\/p>\n<p><span class=\"magic-24\"><span class=\"magic-61\" style=\"color: #d67b03;\" data-spm-anchor-id=\"a2700.details-description.0.i1.17c5Y0GGY0GG3w\">JiangsuSanyuan Tire Co., Ltd<\/span> <\/span><span class=\"magic-62\">(SEYOUN Tire),fundada en 2001, es un fabricante privado de tecnolog\u00eda de neum\u00e1ticos y c\u00e1maras para bicicletas, bicicletas el\u00e9ctricas, motocicletas y camiones. La sede de SEYOUN, como su principal base de fabricaci\u00f3n, la f\u00e1brica de Suqian, fundada el 7 de julio de 2007, est\u00e1 convenientemente ubicada en el distrito de desarrollo econ\u00f3mico de Suyu en la ciudad de Suqian, provincia de Jiangsu. Cubriendo un \u00e1rea de 648 acres, con un \u00e1rea de construcci\u00f3n de 290.000 metros cuadrados. Con una inversi\u00f3n total de 290 millones de d\u00f3lares, la F\u00e1brica de Suqian ha construido m\u00e1s de 43 l\u00edneas de producci\u00f3n de clase mundial. SEYOUN Tire es uno de los mayores fabricantes del mundo con una producci\u00f3n de 80 millones de c\u00e1maras y 83 millones de neum\u00e1ticos para bicicletas, bicicletas el\u00e9ctricas, motocicletas y camiones, y sus ventas anuales alcanzan los 150 millones de d\u00f3lares. SEYOUN tire es uno de los 3 principales fabricantes de neum\u00e1ticos para motocicletas y scooters en China, y hemos invertido 3 mil millones de RMB en 2021 para lanzar la l\u00ednea de producci\u00f3n totalmente autom\u00e1tica para realizar la primera industria 4.0 real en China. SEYOUN Tire ha obtenido los certificados ISO9001, CCC, E-MARK, ECE, SNI y DOT. Con nuestra certificaci\u00f3n del sistema de gesti\u00f3n de calidad ISO9001 y la certificaci\u00f3n obligatoria de productos (certificaci\u00f3n 3C), hemos establecido un sistema y procesos integrales de gesti\u00f3n de calidad. <\/span><\/p>\n<p><img loading=\"lazy\" decoding=\"async\" class=\"alignnone wp-image-4292\" src=\"http:\/\/www.seyountyre.com\/wp-content\/uploads\/2025\/03\/\u5de5\u5382\u8be6\u60c5\u56fe-300x266.jpg\" alt=\"\" width=\"545\" height=\"483\" srcset=\"https:\/\/www.seyountyre.com\/wp-content\/uploads\/2025\/03\/\u5de5\u5382\u8be6\u60c5\u56fe-300x266.jpg 300w, https:\/\/www.seyountyre.com\/wp-content\/uploads\/2025\/03\/\u5de5\u5382\u8be6\u60c5\u56fe-14x12.jpg 14w, https:\/\/www.seyountyre.com\/wp-content\/uploads\/2025\/03\/\u5de5\u5382\u8be6\u60c5\u56fe-600x532.jpg 600w, https:\/\/www.seyountyre.com\/wp-content\/uploads\/2025\/03\/\u5de5\u5382\u8be6\u60c5\u56fe.jpg 750w\" sizes=\"(max-width: 545px) 100vw, 545px\" \/><\/p>\n<p><img loading=\"lazy\" decoding=\"async\" class=\"alignnone wp-image-4287\" src=\"http:\/\/www.seyountyre.com\/wp-content\/uploads\/2025\/03\/\u8bc1\u4e66-300x28.jpg\" alt=\"\" width=\"546\" height=\"51\" srcset=\"https:\/\/www.seyountyre.com\/wp-content\/uploads\/2025\/03\/\u8bc1\u4e66-300x28.jpg 300w, https:\/\/www.seyountyre.com\/wp-content\/uploads\/2025\/03\/\u8bc1\u4e66-18x2.jpg 18w, https:\/\/www.seyountyre.com\/wp-content\/uploads\/2025\/03\/\u8bc1\u4e66-600x56.jpg 600w, https:\/\/www.seyountyre.com\/wp-content\/uploads\/2025\/03\/\u8bc1\u4e66.jpg 750w\" sizes=\"(max-width: 546px) 100vw, 546px\" \/><\/p>\n<p><img loading=\"lazy\" decoding=\"async\" class=\"alignnone wp-image-4286\" src=\"http:\/\/www.seyountyre.com\/wp-content\/uploads\/2025\/03\/\u6469\u6258\u8f66\u91c7\u75282_08-300x131.jpg\" alt=\"\" width=\"536\" height=\"234\" srcset=\"https:\/\/www.seyountyre.com\/wp-content\/uploads\/2025\/03\/\u6469\u6258\u8f66\u91c7\u75282_08-300x131.jpg 300w, https:\/\/www.seyountyre.com\/wp-content\/uploads\/2025\/03\/\u6469\u6258\u8f66\u91c7\u75282_08-18x8.jpg 18w, https:\/\/www.seyountyre.com\/wp-content\/uploads\/2025\/03\/\u6469\u6258\u8f66\u91c7\u75282_08-600x262.jpg 600w, https:\/\/www.seyountyre.com\/wp-content\/uploads\/2025\/03\/\u6469\u6258\u8f66\u91c7\u75282_08.jpg 750w\" sizes=\"(max-width: 536px) 100vw, 536px\" \/><\/p>\n<p><img loading=\"lazy\" decoding=\"async\" class=\"alignnone wp-image-4288\" src=\"http:\/\/www.seyountyre.com\/wp-content\/uploads\/2025\/03\/\u5c55\u4f1a\u56fe-300x300.jpg\" alt=\"\" width=\"521\" height=\"521\" srcset=\"https:\/\/www.seyountyre.com\/wp-content\/uploads\/2025\/03\/\u5c55\u4f1a\u56fe-300x300.jpg 300w, https:\/\/www.seyountyre.com\/wp-content\/uploads\/2025\/03\/\u5c55\u4f1a\u56fe-1024x1024.jpg 1024w, https:\/\/www.seyountyre.com\/wp-content\/uploads\/2025\/03\/\u5c55\u4f1a\u56fe-150x150.jpg 150w, https:\/\/www.seyountyre.com\/wp-content\/uploads\/2025\/03\/\u5c55\u4f1a\u56fe-768x768.jpg 768w, https:\/\/www.seyountyre.com\/wp-content\/uploads\/2025\/03\/\u5c55\u4f1a\u56fe-12x12.jpg 12w, https:\/\/www.seyountyre.com\/wp-content\/uploads\/2025\/03\/\u5c55\u4f1a\u56fe-600x600.jpg 600w, https:\/\/www.seyountyre.com\/wp-content\/uploads\/2025\/03\/\u5c55\u4f1a\u56fe-100x100.jpg 100w, https:\/\/www.seyountyre.com\/wp-content\/uploads\/2025\/03\/\u5c55\u4f1a\u56fe.jpg 1200w\" sizes=\"(max-width: 521px) 100vw, 521px\" \/><\/p>\n<p><img loading=\"lazy\" decoding=\"async\" class=\"alignnone wp-image-4283\" src=\"http:\/\/www.seyountyre.com\/wp-content\/uploads\/2025\/03\/\u88c5\u7bb1\u53d1\u8d27\u56fe-300x236.jpg\" alt=\"\" width=\"517\" height=\"407\" srcset=\"https:\/\/www.seyountyre.com\/wp-content\/uploads\/2025\/03\/\u88c5\u7bb1\u53d1\u8d27\u56fe-300x236.jpg 300w, https:\/\/www.seyountyre.com\/wp-content\/uploads\/2025\/03\/\u88c5\u7bb1\u53d1\u8d27\u56fe-15x12.jpg 15w, https:\/\/www.seyountyre.com\/wp-content\/uploads\/2025\/03\/\u88c5\u7bb1\u53d1\u8d27\u56fe-600x473.jpg 600w, https:\/\/www.seyountyre.com\/wp-content\/uploads\/2025\/03\/\u88c5\u7bb1\u53d1\u8d27\u56fe.jpg 750w\" sizes=\"(max-width: 517px) 100vw, 517px\" \/><\/p>\n<p>&nbsp;<\/p>","protected":false},"excerpt":{"rendered":"<p>Truck&amp;Bus Radial Tires, with their high-strength all-steel cord fabric structure, possess excellent wear resistance, impact resistance and load-bearing performance. They can adapt to various complex terrain environments. The all-steel tire body has high strength, can withstand the temperature and pressure of long-term high-speed driving, is not easy to deform, and is suitable for smooth and [&hellip;]<\/p>\n","protected":false},"featured_media":0,"comment_status":"closed","ping_status":"closed","template":"","meta":{"_acf_changed":false},"product_brand":[],"product_cat":[21,17],"product_tag":[],"class_list":{"0":"post-4756","1":"product","2":"type-product","3":"status-publish","5":"product_cat-off-road","6":"product_cat-tbr","8":"first","9":"instock","10":"shipping-taxable","11":"product-type-simple"},"acf":[],"_links":{"self":[{"href":"https:\/\/www.seyountyre.com\/es\/wp-json\/wp\/v2\/product\/4756","targetHints":{"allow":["GET"]}}],"collection":[{"href":"https:\/\/www.seyountyre.com\/es\/wp-json\/wp\/v2\/product"}],"about":[{"href":"https:\/\/www.seyountyre.com\/es\/wp-json\/wp\/v2\/types\/product"}],"replies":[{"embeddable":true,"href":"https:\/\/www.seyountyre.com\/es\/wp-json\/wp\/v2\/comments?post=4756"}],"wp:attachment":[{"href":"https:\/\/www.seyountyre.com\/es\/wp-json\/wp\/v2\/media?parent=4756"}],"wp:term":[{"taxonomy":"product_brand","embeddable":true,"href":"https:\/\/www.seyountyre.com\/es\/wp-json\/wp\/v2\/product_brand?post=4756"},{"taxonomy":"product_cat","embeddable":true,"href":"https:\/\/www.seyountyre.com\/es\/wp-json\/wp\/v2\/product_cat?post=4756"},{"taxonomy":"product_tag","embeddable":true,"href":"https:\/\/www.seyountyre.com\/es\/wp-json\/wp\/v2\/product_tag?post=4756"}],"curies":[{"name":"wp","href":"https:\/\/api.w.org\/{rel}","templated":true}]}}