{"id":3794,"date":"2025-03-12T10:48:48","date_gmt":"2025-03-12T02:48:48","guid":{"rendered":"https:\/\/www.seyountyre.com\/?post_type=product&#038;p=3794"},"modified":"2025-12-23T13:48:42","modified_gmt":"2025-12-23T05:48:42","slug":"seyoun-sy-e011-10x4-00-6-electric-utv-tires-turf-tyre-2","status":"publish","type":"product","link":"https:\/\/www.seyountyre.com\/de\/utv-tire\/seyoun-sy-e011-10x4-00-6-electric-utv-tires-turf-tyre-2\/","title":{"rendered":"SEYOUN SY-E011 10X4.00-6 Electric UTV Tires Turf Tyre"},"content":{"rendered":"<p><img fetchpriority=\"high\" decoding=\"async\" class=\"aligncenter wp-image-3790 size-full\" src=\"http:\/\/www.seyountyre.com\/wp-content\/uploads\/2025\/03\/1741743474341-e1741747622394.png\" alt=\"\" width=\"891\" height=\"126\" srcset=\"https:\/\/www.seyountyre.com\/wp-content\/uploads\/2025\/03\/1741743474341-e1741747622394.png 891w, https:\/\/www.seyountyre.com\/wp-content\/uploads\/2025\/03\/1741743474341-e1741747622394-300x42.png 300w, https:\/\/www.seyountyre.com\/wp-content\/uploads\/2025\/03\/1741743474341-e1741747622394-768x109.png 768w, https:\/\/www.seyountyre.com\/wp-content\/uploads\/2025\/03\/1741743474341-e1741747622394-600x85.png 600w\" sizes=\"(max-width: 891px) 100vw, 891px\" \/><\/p>\n<p><img decoding=\"async\" class=\"alignnone wp-image-4279\" src=\"http:\/\/www.seyountyre.com\/wp-content\/uploads\/2025\/03\/Truck_02-300x25.jpg\" alt=\"\" width=\"648\" height=\"54\" srcset=\"https:\/\/www.seyountyre.com\/wp-content\/uploads\/2025\/03\/Truck_02-300x25.jpg 300w, https:\/\/www.seyountyre.com\/wp-content\/uploads\/2025\/03\/Truck_02-18x1.jpg 18w, https:\/\/www.seyountyre.com\/wp-content\/uploads\/2025\/03\/Truck_02-600x50.jpg 600w, https:\/\/www.seyountyre.com\/wp-content\/uploads\/2025\/03\/Truck_02.jpg 750w\" sizes=\"(max-width: 648px) 100vw, 648px\" \/><\/p>\n<p><img decoding=\"async\" class=\"alignnone wp-image-4294\" src=\"http:\/\/www.seyountyre.com\/wp-content\/uploads\/2025\/03\/\u66f4\u591a\u82b1\u7eb9\u56fe-225x300.jpg\" alt=\"\" width=\"648\" height=\"864\" srcset=\"https:\/\/www.seyountyre.com\/wp-content\/uploads\/2025\/03\/\u66f4\u591a\u82b1\u7eb9\u56fe-225x300.jpg 225w, https:\/\/www.seyountyre.com\/wp-content\/uploads\/2025\/03\/\u66f4\u591a\u82b1\u7eb9\u56fe-9x12.jpg 9w, https:\/\/www.seyountyre.com\/wp-content\/uploads\/2025\/03\/\u66f4\u591a\u82b1\u7eb9\u56fe-600x800.jpg 600w, https:\/\/www.seyountyre.com\/wp-content\/uploads\/2025\/03\/\u66f4\u591a\u82b1\u7eb9\u56fe.jpg 750w\" sizes=\"(max-width: 648px) 100vw, 648px\" \/><\/p>\n<p><img loading=\"lazy\" decoding=\"async\" class=\"alignnone wp-image-4295\" src=\"http:\/\/www.seyountyre.com\/wp-content\/uploads\/2025\/03\/\u4ea7\u54c1\u5b9a\u5236-300x157.jpg\" alt=\"\" width=\"611\" height=\"320\" srcset=\"https:\/\/www.seyountyre.com\/wp-content\/uploads\/2025\/03\/\u4ea7\u54c1\u5b9a\u5236-300x157.jpg 300w, https:\/\/www.seyountyre.com\/wp-content\/uploads\/2025\/03\/\u4ea7\u54c1\u5b9a\u5236-18x9.jpg 18w, https:\/\/www.seyountyre.com\/wp-content\/uploads\/2025\/03\/\u4ea7\u54c1\u5b9a\u5236-600x314.jpg 600w, https:\/\/www.seyountyre.com\/wp-content\/uploads\/2025\/03\/\u4ea7\u54c1\u5b9a\u5236.jpg 750w\" sizes=\"(max-width: 611px) 100vw, 611px\" \/><\/p>\n<p><img loading=\"lazy\" decoding=\"async\" class=\"alignnone wp-image-4352\" src=\"http:\/\/www.seyountyre.com\/wp-content\/uploads\/2025\/03\/\u672a\u6807\u9898-2_01-286x300.jpg\" alt=\"\" width=\"593\" height=\"622\" srcset=\"https:\/\/www.seyountyre.com\/wp-content\/uploads\/2025\/03\/\u672a\u6807\u9898-2_01-286x300.jpg 286w, https:\/\/www.seyountyre.com\/wp-content\/uploads\/2025\/03\/\u672a\u6807\u9898-2_01-11x12.jpg 11w, https:\/\/www.seyountyre.com\/wp-content\/uploads\/2025\/03\/\u672a\u6807\u9898-2_01-600x630.jpg 600w, https:\/\/www.seyountyre.com\/wp-content\/uploads\/2025\/03\/\u672a\u6807\u9898-2_01.jpg 750w\" sizes=\"(max-width: 593px) 100vw, 593px\" \/><\/p>\n<p><img loading=\"lazy\" decoding=\"async\" class=\"alignnone wp-image-4284\" src=\"http:\/\/www.seyountyre.com\/wp-content\/uploads\/2025\/03\/\u516c\u53f8\u7b80\u4ecb-300x28.jpg\" alt=\"\" width=\"579\" height=\"54\" srcset=\"https:\/\/www.seyountyre.com\/wp-content\/uploads\/2025\/03\/\u516c\u53f8\u7b80\u4ecb-300x28.jpg 300w, https:\/\/www.seyountyre.com\/wp-content\/uploads\/2025\/03\/\u516c\u53f8\u7b80\u4ecb-18x2.jpg 18w, https:\/\/www.seyountyre.com\/wp-content\/uploads\/2025\/03\/\u516c\u53f8\u7b80\u4ecb-600x55.jpg 600w, https:\/\/www.seyountyre.com\/wp-content\/uploads\/2025\/03\/\u516c\u53f8\u7b80\u4ecb.jpg 750w\" sizes=\"(max-width: 579px) 100vw, 579px\" \/><\/p>\n<p><img loading=\"lazy\" decoding=\"async\" class=\"alignnone wp-image-4285\" src=\"http:\/\/www.seyountyre.com\/wp-content\/uploads\/2025\/03\/\u516c\u53f8\u4ecb\u7ecd\u56fe-300x146.jpg\" alt=\"\" width=\"586\" height=\"285\" srcset=\"https:\/\/www.seyountyre.com\/wp-content\/uploads\/2025\/03\/\u516c\u53f8\u4ecb\u7ecd\u56fe-300x146.jpg 300w, https:\/\/www.seyountyre.com\/wp-content\/uploads\/2025\/03\/\u516c\u53f8\u4ecb\u7ecd\u56fe-18x9.jpg 18w, https:\/\/www.seyountyre.com\/wp-content\/uploads\/2025\/03\/\u516c\u53f8\u4ecb\u7ecd\u56fe-600x292.jpg 600w, https:\/\/www.seyountyre.com\/wp-content\/uploads\/2025\/03\/\u516c\u53f8\u4ecb\u7ecd\u56fe.jpg 750w\" sizes=\"(max-width: 586px) 100vw, 586px\" \/><\/p>\n<p><span class=\"magic-20\"><span class=\"magic-62\" style=\"color: #d67b03;\" data-spm-anchor-id=\"a2700.details-description.0.i0.2129JDpcJDpcSy\">JiangsuSanyuan Reifen Co., Ltd<\/span> <\/span><span class=\"magic-34\">(SEYOUN Tire), gegr\u00fcndet im Jahr 2001, ist ein privatwirtschaftlicher Technologiehersteller von Reifen und Schl\u00e4uchen f\u00fcr Fahrr\u00e4der, Elektrofahrr\u00e4der, Motorr\u00e4der und Lastwagen. Der Hauptsitz von SEYOUN, seine wichtigste Produktionsbasis, die Suqian-Fabrik, wurde am 7. Juli 2007 gegr\u00fcndet und befindet sich im Wirtschafts-Entwicklungsgebiet Suyu in der Stadt Suqian, Provinz Jiangsu. Sie erstreckt sich \u00fcber eine Fl\u00e4che von 648 Hektar mit einer Geb\u00e4udefl\u00e4che von 290.000 Quadratmetern. Mit einer Gesamtinvestition von 290 Millionen US-Dollar hat die Suqian-Fabrik mehr als 43 erstklassige Produktionslinien gebaut. SEYOUN Tire ist einer der weltweit gr\u00f6\u00dften Hersteller mit einer Produktion von 80 Millionen Schl\u00e4uchen und 83 Millionen Reifen f\u00fcr Fahrr\u00e4der, Elektrofahrr\u00e4der, Motorr\u00e4der und Lastwagen, und sein Jahresumsatz erreicht 150 Millionen US-Dollar. SEYOUN Tire ist einer der TOP 3 Hersteller von Motorrad- und Rollerreifen in China und wir haben 2021 3 Milliarden RMB investiert, um die vollautomatische Produktionslinie einzuf\u00fchren, die die erste echte Industrie 4.0 in China realisiert hat. SEYOUN Tire verf\u00fcgt \u00fcber die Zertifikate ISO9001, CCC, E-MARK, ECE, SNI und DOT. Mit unserer ISO9001-Zertifizierung f\u00fcr das Qualit\u00e4tsmanagement und der obligatorischen Produktzertifizierung (3C-Zertifizierung) haben wir ein umfassendes Qualit\u00e4tsmanagementsystem und Prozesse etabliert. <\/span><\/p>\n<p><img loading=\"lazy\" decoding=\"async\" class=\"alignnone wp-image-4292\" src=\"http:\/\/www.seyountyre.com\/wp-content\/uploads\/2025\/03\/\u5de5\u5382\u8be6\u60c5\u56fe-300x266.jpg\" alt=\"\" width=\"552\" height=\"489\" srcset=\"https:\/\/www.seyountyre.com\/wp-content\/uploads\/2025\/03\/\u5de5\u5382\u8be6\u60c5\u56fe-300x266.jpg 300w, https:\/\/www.seyountyre.com\/wp-content\/uploads\/2025\/03\/\u5de5\u5382\u8be6\u60c5\u56fe-14x12.jpg 14w, https:\/\/www.seyountyre.com\/wp-content\/uploads\/2025\/03\/\u5de5\u5382\u8be6\u60c5\u56fe-600x532.jpg 600w, https:\/\/www.seyountyre.com\/wp-content\/uploads\/2025\/03\/\u5de5\u5382\u8be6\u60c5\u56fe.jpg 750w\" sizes=\"(max-width: 552px) 100vw, 552px\" \/><\/p>\n<p><img loading=\"lazy\" decoding=\"async\" class=\"alignnone wp-image-4287\" src=\"http:\/\/www.seyountyre.com\/wp-content\/uploads\/2025\/03\/\u8bc1\u4e66-300x28.jpg\" alt=\"\" width=\"546\" height=\"51\" srcset=\"https:\/\/www.seyountyre.com\/wp-content\/uploads\/2025\/03\/\u8bc1\u4e66-300x28.jpg 300w, https:\/\/www.seyountyre.com\/wp-content\/uploads\/2025\/03\/\u8bc1\u4e66-18x2.jpg 18w, https:\/\/www.seyountyre.com\/wp-content\/uploads\/2025\/03\/\u8bc1\u4e66-600x56.jpg 600w, https:\/\/www.seyountyre.com\/wp-content\/uploads\/2025\/03\/\u8bc1\u4e66.jpg 750w\" sizes=\"(max-width: 546px) 100vw, 546px\" \/><\/p>\n<p><img loading=\"lazy\" decoding=\"async\" class=\"alignnone wp-image-4286\" src=\"http:\/\/www.seyountyre.com\/wp-content\/uploads\/2025\/03\/\u6469\u6258\u8f66\u91c7\u75282_08-300x131.jpg\" alt=\"\" width=\"552\" height=\"241\" srcset=\"https:\/\/www.seyountyre.com\/wp-content\/uploads\/2025\/03\/\u6469\u6258\u8f66\u91c7\u75282_08-300x131.jpg 300w, https:\/\/www.seyountyre.com\/wp-content\/uploads\/2025\/03\/\u6469\u6258\u8f66\u91c7\u75282_08-18x8.jpg 18w, https:\/\/www.seyountyre.com\/wp-content\/uploads\/2025\/03\/\u6469\u6258\u8f66\u91c7\u75282_08-600x262.jpg 600w, https:\/\/www.seyountyre.com\/wp-content\/uploads\/2025\/03\/\u6469\u6258\u8f66\u91c7\u75282_08.jpg 750w\" sizes=\"(max-width: 552px) 100vw, 552px\" \/><\/p>\n<p><img loading=\"lazy\" decoding=\"async\" class=\"alignnone wp-image-4288\" src=\"http:\/\/www.seyountyre.com\/wp-content\/uploads\/2025\/03\/\u5c55\u4f1a\u56fe-300x300.jpg\" alt=\"\" width=\"531\" height=\"531\" srcset=\"https:\/\/www.seyountyre.com\/wp-content\/uploads\/2025\/03\/\u5c55\u4f1a\u56fe-300x300.jpg 300w, https:\/\/www.seyountyre.com\/wp-content\/uploads\/2025\/03\/\u5c55\u4f1a\u56fe-1024x1024.jpg 1024w, https:\/\/www.seyountyre.com\/wp-content\/uploads\/2025\/03\/\u5c55\u4f1a\u56fe-150x150.jpg 150w, https:\/\/www.seyountyre.com\/wp-content\/uploads\/2025\/03\/\u5c55\u4f1a\u56fe-768x768.jpg 768w, https:\/\/www.seyountyre.com\/wp-content\/uploads\/2025\/03\/\u5c55\u4f1a\u56fe-12x12.jpg 12w, https:\/\/www.seyountyre.com\/wp-content\/uploads\/2025\/03\/\u5c55\u4f1a\u56fe-600x600.jpg 600w, https:\/\/www.seyountyre.com\/wp-content\/uploads\/2025\/03\/\u5c55\u4f1a\u56fe-100x100.jpg 100w, https:\/\/www.seyountyre.com\/wp-content\/uploads\/2025\/03\/\u5c55\u4f1a\u56fe.jpg 1200w\" sizes=\"(max-width: 531px) 100vw, 531px\" \/><\/p>\n<p><img loading=\"lazy\" decoding=\"async\" class=\"alignnone wp-image-4283\" src=\"http:\/\/www.seyountyre.com\/wp-content\/uploads\/2025\/03\/\u88c5\u7bb1\u53d1\u8d27\u56fe-300x236.jpg\" alt=\"\" width=\"529\" height=\"416\" srcset=\"https:\/\/www.seyountyre.com\/wp-content\/uploads\/2025\/03\/\u88c5\u7bb1\u53d1\u8d27\u56fe-300x236.jpg 300w, https:\/\/www.seyountyre.com\/wp-content\/uploads\/2025\/03\/\u88c5\u7bb1\u53d1\u8d27\u56fe-15x12.jpg 15w, https:\/\/www.seyountyre.com\/wp-content\/uploads\/2025\/03\/\u88c5\u7bb1\u53d1\u8d27\u56fe-600x473.jpg 600w, https:\/\/www.seyountyre.com\/wp-content\/uploads\/2025\/03\/\u88c5\u7bb1\u53d1\u8d27\u56fe.jpg 750w\" sizes=\"(max-width: 529px) 100vw, 529px\" \/><\/p>","protected":false},"excerpt":{"rendered":"<p>JiangsuSanyuan Tire Co., Ltd (SEYOUN Tire),founded in 2001,is privately technology manufacturers of tires and tubes for bicycles, electric bicycles, motorcycles and trucks. SEYOUN headquater, as its main manufacturing base,Suqian Factory, founded on 7 July, 2007,is conveniently located at Suyu economy development district in Suqian city, Jiangsu province. Covering an area of 648 acres, with the [&hellip;]<\/p>\n","protected":false},"featured_media":3792,"comment_status":"closed","ping_status":"closed","template":"","meta":{"_acf_changed":false},"product_brand":[],"product_cat":[27],"product_tag":[],"class_list":{"0":"post-3794","1":"product","2":"type-product","3":"status-publish","4":"has-post-thumbnail","6":"product_cat-utv-tire","8":"first","9":"instock","10":"shipping-taxable","11":"product-type-simple"},"acf":[],"_links":{"self":[{"href":"https:\/\/www.seyountyre.com\/de\/wp-json\/wp\/v2\/product\/3794","targetHints":{"allow":["GET"]}}],"collection":[{"href":"https:\/\/www.seyountyre.com\/de\/wp-json\/wp\/v2\/product"}],"about":[{"href":"https:\/\/www.seyountyre.com\/de\/wp-json\/wp\/v2\/types\/product"}],"replies":[{"embeddable":true,"href":"https:\/\/www.seyountyre.com\/de\/wp-json\/wp\/v2\/comments?post=3794"}],"wp:featuredmedia":[{"embeddable":true,"href":"https:\/\/www.seyountyre.com\/de\/wp-json\/wp\/v2\/media\/3792"}],"wp:attachment":[{"href":"https:\/\/www.seyountyre.com\/de\/wp-json\/wp\/v2\/media?parent=3794"}],"wp:term":[{"taxonomy":"product_brand","embeddable":true,"href":"https:\/\/www.seyountyre.com\/de\/wp-json\/wp\/v2\/product_brand?post=3794"},{"taxonomy":"product_cat","embeddable":true,"href":"https:\/\/www.seyountyre.com\/de\/wp-json\/wp\/v2\/product_cat?post=3794"},{"taxonomy":"product_tag","embeddable":true,"href":"https:\/\/www.seyountyre.com\/de\/wp-json\/wp\/v2\/product_tag?post=3794"}],"curies":[{"name":"wp","href":"https:\/\/api.w.org\/{rel}","templated":true}]}}